{"id":94263,"date":"2023-11-06T09:57:12","date_gmt":"2023-11-06T08:57:12","guid":{"rendered":"https:\/\/donnobikes.com\/?post_type=product&#038;p=94263"},"modified":"2025-07-17T17:06:25","modified_gmt":"2025-07-17T15:06:25","slug":"je-suis-dans-une-ville-cyclable","status":"publish","type":"product","link":"https:\/\/donnobikes.com\/fr\/produit\/je-suis-dans-une-ville-cyclable\/","title":{"rendered":"iO InBicy City"},"content":{"rendered":"<h3>Simplicit\u00e9 et efficacit\u00e9 avec iO InBicy<\/h3>\n<p>Con\u00e7u pour faciliter le quotidien, l'iO InBicy City est un v\u00e9lo \u00e9lectrique cargo \u00e9quip\u00e9 du moteur Bafang, qui offre plus de puissance et de performance qu'un v\u00e9lo \u00e9lectrique normal.<\/p>\n<p><strong>La polyvalence au centre.<\/strong> Gr\u00e2ce \u00e0 son syst\u00e8me unique brevet\u00e9 Flash Switch\u00ae, le iO InBicy City transforme le transport quotidien en un jeu d'enfant. En quelques gestes simples, vous pouvez attacher et d\u00e9tacher le porte-bagages et le panier sans outils. Que ce soit pour transporter les courses, emmener les enfants \u00e0 l'\u00e9cole, aller au travail ou \u00e0 la salle de sport, le changement d'\u00e9quipement est un jeu d'enfant. Adapter votre v\u00e9lo aux diff\u00e9rents besoins de la journ\u00e9e devient une question de secondes.<\/p>\n<p><strong>Un design prim\u00e9.<\/strong> Le cadre et les d\u00e9tails de ce v\u00e9lo, fi\u00e8rement fabriqu\u00e9 en Italie, ont attir\u00e9 l'attention du jury international, remportant le Red Dot Design Award 2023. Avec son style incomparable, l'iO InBicy City n'est pas seulement un moyen de transport, mais une v\u00e9ritable ic\u00f4ne du design, expos\u00e9e au mus\u00e9e du design d'Essen, en Allemagne.<\/p>","protected":false},"excerpt":{"rendered":"<p>Moteur Bafang 250W - Couleur Italian Sun<\/p>","protected":false},"featured_media":93289,"comment_status":"open","ping_status":"closed","template":"","meta":[],"product_brand":[],"product_cat":[621,622,623,33,624,626,594,608,526,591,136,629],"product_tag":[36],"class_list":{"0":"post-94263","1":"product","2":"type-product","3":"status-publish","4":"has-post-thumbnail","6":"product_cat-bici-da-carico","7":"product_cat-bici-da-trasporto","8":"product_cat-bici-per-trasporto-bambini","9":"product_cat-biciclette","10":"product_cat-cargo-bike","11":"product_cat-cargo-bike-elettrica","12":"product_cat-catalogo","13":"product_cat-catalogo-inbicy","14":"product_cat-city-bike","15":"product_cat-e-bike","16":"product_cat-inbicy","17":"product_cat-io-inbicy","18":"product_tag-e-bike","19":"product_shipping_class-bicicletta","21":"first","22":"instock","23":"shipping-taxable","24":"purchasable","25":"product-type-variable","26":"has-default-attributes"},"gallery_images":[93287,93290,93288,93286],"meta_box":{"short_name":"","marketing_name":"iO INBICY CITY","motore_for_biciclette":["89115","89374","89377"],"biciclette_id":"89129","consegna":"","configurator":[],"single_page_group":{"video_group":[{"link_video":"https:\/\/www.youtube.com\/watch?v=0r-hapSFOP0","title":"iO InBicy, laur\u00e9at du Red Dot Design Award 2023","preheader":"La e-bike cargo pi\u00f9 potente e versatile del 2023 premiata per il suo design","preview":"90564"},{"link_video":"https:\/\/www.youtube.com\/watch?v=qCziv25mKGQ&list=PLy81_ZTJG-sA6ptaBFdj8A_BNJqMsEkJu&index=3","title":"Mode de vie avec iO InBicy","preheader":"Presentazione della pi\u00f9 innovativa cargo e-bike italiana","preview":"90565"},{"link_video":"https:\/\/www.youtube.com\/watch?v=a2tYwVSFKrI&list=PLy81_ZTJG-sA6ptaBFdj8A_BNJqMsEkJu&index=2","title":"Introduction \u00e0 la fonctionnalit\u00e9","preheader":"Dettagli e accessori con sistema brevettato Flash Switch","preview":"90566"},{"link_video":"https:\/\/www.youtube.com\/watch?v=_f0XE8P0GEM&list=PLy81_ZTJG-sA6ptaBFdj8A_BNJqMsEkJu&index=3","title":"Pr\u00e9sentation des prototypes","preheader":"Panoramica della bici cargo nata per la famiglia","preview":"90567"},{"link_video":"https:\/\/www.youtube.com\/watch?v=XPRk6UG6v20","title":"Retour \u00e0 l'\u00e9cole avec IO InBicy","preview":"94112"},{"link_video":"https:\/\/www.youtube.com\/watch?v=TwtrpMbiF2U&ab_channel=DonnoBikes","title":"Explorez le monde passionnant des v\u00e9los \u00e9lectriques multifonctionnels avec IO InBicy !","preview":"94113"}],"galleria_fotografica":{"image":["90544","90545","90546","90547","90548","90549","90550","90551","90552"],"galleria_banner":["90537","96607","90538","90539","90540","95698","95152","94913","94910","94787","94729","94693","94706"]},"versatilita":{"title":"iO INBICY POWER. NOUVELLE G\u00c9N\u00c9RATION DE V\u00c9LOS UTILITAIRES.","desc":"iO InBicy City \u00e8 un'icona di versatilit\u00e0 e comfort, potenziata dal motore Bafang per prestazioni eccezionali. Vanta un'eccellente capacit\u00e0 di carico con una manovrabilit\u00e0 che ti lascer\u00e0 a bocca aperta. La sua facilit\u00e0 d'uso \u00e8 rivoluzionaria, sorprendendoti ad ogni pedalata. Questa e-bike unisce in modo impeccabile estetica, stabilit\u00e0 e agilit\u00e0 di guida, anche sotto carico pesante, rendendola ideale sia per la citt\u00e0 che per le zone rurali. Compatibile con una vasta gamma di accessori, supera di gran lunga le capacit\u00e0 di carico di una bicicletta normale.","versatilita_group":[{"image":"90568","title":"iO Essenziale","desc":"Senza accessori \u00e8 una e-bike che nasconde una ultraleggera, perfetta anche off road e su terreni accidentati. Affrontare le salite \u00e8 un gioco da ragazzi."},{"image":"90569","title":"iO Cargo Urbano","desc":"Portapacchi da 70cm a cui agganciare grandi borse laterali e il maxi cesto anteriore rendono la bici perfetta per tutti i giorni."},{"image":"90570","title":"iO Famiglia Light","desc":"Compatible con Yepp, Qibbel e la maggior parte dei seggiolini disponibili sul mercato. Le aste di sicurezza sono facoltative ma altamente raccomandate."},{"image":"90571","title":"iO Passeggero","desc":"Trasporta un passeggero adulto (90kg max) con il portapacchi posteriore da 56cm. I poggiapiedi garantiscono comfort durante la corsa."},{"image":"90572","title":"iO Duo Bimbi","desc":"Porta un bambino su un seggiolino e un secondo pi\u00f9 piccolo sul retro. A differenza delle normali bici, \u00e8 disegnata per portare il carico in sicurezza."},{"image":"90573","title":"iO Duo Sicuro","desc":"Raddoppia con due bambini piccoli nei seggiolini. Le aste di sicurezza riducono il rischio di caduta e di impatto sui bambini, fornendo appoggio."},{"image":"90575","title":"iO Junior","desc":"Porta in sicurezza due bambini pi\u00f9 grandi. Le barre del portapacchi sono disegnate per proteggere le gambe e gli abiti dei passeggeri dai raggi della ruota."},{"image":"90576","title":"iO Carico Sicuro","desc":"Alloggia pacchi fino a 60x40cm tra le aste, in alternativa alle cinghie di fissaggio. Il grande cesto anteriore porta altri pacchi fino a 38x38cm."}]},"edition":"2","charakteristicks":{"list":[{"text1":"iO InBicy Power ha","text2":"5,0x","text3":"di durata","text4":"rispetto a una bici tradizionale"},{"text1":"iO InBicy Power \u00e8 fino a","text2":"1,5x","text3":"pi\u00f9 leggera","text4":"rispetto al 90% delle cargo bike"},{"text1":"iO InBicy Power \u00e8 fino a","text2":"2,0x","text3":"pi\u00f9 potente","text4":"rispetto alle altre cargo bike"}]},"vantaggi":[{"title":"Qualit\u00e9 sup\u00e9rieure","desc":"Prodotta in Italia con componenti di alta gamma, fatta per durare nel tempo.","icon":"96771"},{"title":"Moteur puissant","desc":"Assistenza elettrica fino a 120 Nm, perfetta per la citt\u00e0 e le salite.","icon":"96773"},{"title":"Id\u00e9al pour tous","desc":"Pensata per le persone diverse, versatile e veloce in citt\u00e0.","icon":"96774"},{"title":"Antivol avec GPS","desc":"Massima sicurezza della tua cargo bike, con localizzazione GPS.","icon":"96772"}],"configuration":{"title":"Pour votre confort. Configurations pr\u00eates \u00e0 l'emploi","post":["96318","96317","96316","96303","88429"]}},"catalog_group":{"quote":"2 COLORI \/ 2 VARIANTI","text":"La cargo bike elettrica che rivoluziona l'idea di mobilit\u00e0 urbana! iO InBicy City: un trionfo di versatilit\u00e0","vuoi":"Una e-bike cargo che combina le dimensioni di una bicicletta standard con la semplicit\u00e0 d'uso quotidiano. Dotata di un sistema brevettato per la rapida modifica della configurazione. Potente motore, senza compromettere la sua straordinaria capacit\u00e0 di carico. Guida intuitiva e piacevole, sia a pieno carico che vuota."}},"_links":{"self":[{"href":"https:\/\/donnobikes.com\/fr\/wp-json\/wp\/v2\/product\/94263","targetHints":{"allow":["GET"]}}],"collection":[{"href":"https:\/\/donnobikes.com\/fr\/wp-json\/wp\/v2\/product"}],"about":[{"href":"https:\/\/donnobikes.com\/fr\/wp-json\/wp\/v2\/types\/product"}],"replies":[{"embeddable":true,"href":"https:\/\/donnobikes.com\/fr\/wp-json\/wp\/v2\/comments?post=94263"}],"wp:featuredmedia":[{"embeddable":true,"href":"https:\/\/donnobikes.com\/fr\/wp-json\/wp\/v2\/media\/93289"}],"wp:attachment":[{"href":"https:\/\/donnobikes.com\/fr\/wp-json\/wp\/v2\/media?parent=94263"}],"wp:term":[{"taxonomy":"product_brand","embeddable":true,"href":"https:\/\/donnobikes.com\/fr\/wp-json\/wp\/v2\/product_brand?post=94263"},{"taxonomy":"product_cat","embeddable":true,"href":"https:\/\/donnobikes.com\/fr\/wp-json\/wp\/v2\/product_cat?post=94263"},{"taxonomy":"product_tag","embeddable":true,"href":"https:\/\/donnobikes.com\/fr\/wp-json\/wp\/v2\/product_tag?post=94263"}],"curies":[{"name":"wp","href":"https:\/\/api.w.org\/{rel}","templated":true}]}}