{"id":94318,"date":"2023-11-14T10:55:46","date_gmt":"2023-11-14T09:55:46","guid":{"rendered":"https:\/\/donnobikes.com\/?post_type=product&#038;p=94318"},"modified":"2026-03-16T14:11:46","modified_gmt":"2026-03-16T13:11:46","slug":"yuba-boda-boda","status":"publish","type":"product","link":"https:\/\/donnobikes.com\/fr\/produit\/yuba-boda-boda\/","title":{"rendered":"Yuba Boda Boda"},"content":{"rendered":"<h2>Boda Boda a de l'intelligence et de la force<\/h2>\n<p>Yuba Boda Boda est le grand et robuste v\u00e9lo cargo \u00e0 p\u00e9dalage assist\u00e9 de Yuba, le mod\u00e8le \u00e9lectrique imbattable pr\u00e9f\u00e9r\u00e9 des clients.<\/p>\n<p><strong>Le syst\u00e8me intelligent et puissant<\/strong> de l'assistance au p\u00e9dalage fournit magistralement la bonne quantit\u00e9 de soutien pour une sensation naturelle sous vos pieds. Vous prendrez plaisir \u00e0 effectuer toutes ces t\u00e2ches ennuyeuses et \u00e0 chercher ces collines que vous aviez l'habitude d'\u00e9viter. Chargez en toute s\u00e9curit\u00e9 : la Boda Boda \u00e9lectrique est con\u00e7ue pour transporter tout ce que la vie vous r\u00e9serve, en conservant une conduite l\u00e9g\u00e8re et agile pour un voyage en douceur \u00e0 chaque fois. Transportez vos enfants, vos courses ou une pile de bois sans effort.<\/p>\n<p><strong>Cargo \u00e0 toutes fins utiles.<\/strong> Il poss\u00e8de toutes les caract\u00e9ristiques positives qu'un v\u00e9lo cargo doit avoir, mais il est plus solide, plus facile \u00e0 conduire et plus robuste. Il est relativement long par rapport \u00e0 un longtail, et ses 64 centim\u00e8tres de porte-bagages offrent un nombre incroyable de possibilit\u00e9s.<\/p>\n<p>&nbsp;<\/p>","protected":false},"excerpt":{"rendered":"<p>Boda Boda ha sia cervello che forza Yuba Boda Boda \u00e8 la cargo bike a pedalata assistita Yuba grande e robusta, l&#8217;imbattibile modello elettrico preferito dai clienti. Il sistema intelligente e potente di assistenza alla pedalata offre magistralmente la giusta quantit\u00e0 di supporto per una sensazione naturale sotto i tuoi piedi. Ti divertirai effettivamente a [&hellip;]<\/p>\n","protected":false},"featured_media":94319,"comment_status":"open","ping_status":"closed","template":"","meta":[],"product_brand":[],"product_cat":[591,621,622,623,33,624,626,523,21],"product_tag":[],"class_list":{"0":"post-94318","1":"product","2":"type-product","3":"status-publish","4":"has-post-thumbnail","6":"product_cat-e-bike","7":"product_cat-bici-da-carico","8":"product_cat-bici-da-trasporto","9":"product_cat-bici-per-trasporto-bambini","10":"product_cat-biciclette","11":"product_cat-cargo-bike","12":"product_cat-cargo-bike-elettrica","13":"product_cat-compact-cargo","14":"product_cat-yuba","15":"product_shipping_class-bicicletta","17":"first","18":"instock","19":"shipping-taxable","20":"purchasable","21":"product-type-simple"},"gallery_images":[],"meta_box":{"short_name":"","marketing_name":"YUBA BODA BODA","motore_for_biciclette":[],"biciclette_id":"94317","consegna":"","configurator":[],"single_page_group":{"edition":"0"},"catalog_group":{"text":"La cargo e-bike compatta best-seller in America arriva in Italia! Prendi le tue cose e salta in sella.","vuoi":"Una cargo bike elettrica sempre pronta all\u2019azione, divertente da guidare e facile da manovrare.  Bella e molto versatile grazie ai tanti accessori con cui equipaggiarla. Una e-bike che tutti in casa vorranno guidare, in grado di trasportare tutto quello che serve!"}},"_links":{"self":[{"href":"https:\/\/donnobikes.com\/fr\/wp-json\/wp\/v2\/product\/94318","targetHints":{"allow":["GET"]}}],"collection":[{"href":"https:\/\/donnobikes.com\/fr\/wp-json\/wp\/v2\/product"}],"about":[{"href":"https:\/\/donnobikes.com\/fr\/wp-json\/wp\/v2\/types\/product"}],"replies":[{"embeddable":true,"href":"https:\/\/donnobikes.com\/fr\/wp-json\/wp\/v2\/comments?post=94318"}],"wp:featuredmedia":[{"embeddable":true,"href":"https:\/\/donnobikes.com\/fr\/wp-json\/wp\/v2\/media\/94319"}],"wp:attachment":[{"href":"https:\/\/donnobikes.com\/fr\/wp-json\/wp\/v2\/media?parent=94318"}],"wp:term":[{"taxonomy":"product_brand","embeddable":true,"href":"https:\/\/donnobikes.com\/fr\/wp-json\/wp\/v2\/product_brand?post=94318"},{"taxonomy":"product_cat","embeddable":true,"href":"https:\/\/donnobikes.com\/fr\/wp-json\/wp\/v2\/product_cat?post=94318"},{"taxonomy":"product_tag","embeddable":true,"href":"https:\/\/donnobikes.com\/fr\/wp-json\/wp\/v2\/product_tag?post=94318"}],"curies":[{"name":"wp","href":"https:\/\/api.w.org\/{rel}","templated":true}]}}