{"id":94367,"date":"2023-11-25T09:46:59","date_gmt":"2023-11-25T08:46:59","guid":{"rendered":"https:\/\/donnobikes.com\/?post_type=product&#038;p=94367"},"modified":"2026-05-07T08:57:02","modified_gmt":"2026-05-07T06:57:02","slug":"taga-family-power-one-kid","status":"publish","type":"product","link":"https:\/\/donnobikes.com\/fr\/produit\/taga-family-power-one-kid\/","title":{"rendered":"Taga Family Power 1 Kid"},"content":{"rendered":"<h2>Le v\u00e9lo id\u00e9al pour les aventures en famille<\/h2>\n<p>La plupart des v\u00e9los-cargos ont \u00e9t\u00e9 cr\u00e9\u00e9s pour transporter des marchandises, pas des enfants, et n'ont \u00e9t\u00e9 adapt\u00e9s que plus tard au transport d'enfants.<\/p>\n<p><strong>TAGA Famille Puissance 1 Enfant<\/strong> a \u00e9t\u00e9 con\u00e7u dans un but pr\u00e9cis : r\u00e9pondre aux besoins des familles avec un enfant. Alors que la plupart des v\u00e9los cargo sont initialement con\u00e7us pour transporter des objets et ne sont adapt\u00e9s que plus tard aux enfants, TAGA a chang\u00e9 les r\u00e8gles du jeu. Apr\u00e8s trois ann\u00e9es de d\u00e9veloppement, TAGA propose le v\u00e9lo le plus confortable, le plus s\u00fbr, le plus facile \u00e0 conduire et le plus pratique pour les familles, avec une touche de style unique.<\/p>\n<p>Avec le TAGA, votre enfant est plac\u00e9 devant vous, ce qui vous permet de partager chaque d\u00e9couverte et chaque aventure. Ce mod\u00e8le offre une vari\u00e9t\u00e9 d'accessoires personnalisables pour s'adapter parfaitement \u00e0 vos besoins. Le TAGA Family Power 1 Kid n'est pas seulement un moyen de transport, mais une invitation \u00e0 une vie active, durable et saine, en explorant le monde avec votre enfant.<\/p>","protected":false},"excerpt":{"rendered":"<p>La Bicicletta Perfetta per le Avventure in Famiglia La maggior parte delle biciclette da carico sono state create per il trasporto del carico, non di bambini e solo successivamente adattate per il trasporto di bambini. TAGA Family Power 1 Kid \u00e8 stata progettata con un obiettivo specifico: soddisfare le esigenze delle famiglie con un bambino. [&hellip;]<\/p>\n","protected":false},"featured_media":97873,"comment_status":"open","ping_status":"closed","template":"","meta":[],"product_brand":[],"product_cat":[594,621,622,623,33,624,626,591,525,630,625],"product_tag":[],"class_list":{"0":"post-94367","1":"product","2":"type-product","3":"status-publish","4":"has-post-thumbnail","6":"product_cat-catalogo","7":"product_cat-bici-da-carico","8":"product_cat-bici-da-trasporto","9":"product_cat-bici-per-trasporto-bambini","10":"product_cat-biciclette","11":"product_cat-cargo-bike","12":"product_cat-cargo-bike-elettrica","13":"product_cat-e-bike","14":"product_cat-front-cargo","15":"product_cat-taga-family","16":"product_cat-tre-route","17":"product_shipping_class-bicicletta","19":"first","20":"instock","21":"shipping-taxable","22":"purchasable","23":"product-type-simple"},"gallery_images":[97869,97868,97870,97871],"meta_box":{"short_name":"","marketing_name":"TAGA FAMILY 1 KID","motore_for_biciclette":[],"biciclette_id":"94357","consegna":"","configurator":[],"single_page_group":{"video_group":[{"link_video":"https:\/\/www.youtube.com\/watch?v=497lu5kcXhM&ab_channel=TagaBikes","title":"Faire du v\u00e9lo avec des enfants sur le v\u00e9lo Taga","preview":"94323"},{"link_video":"https:\/\/www.youtube.com\/watch?v=rRqE55jgaL8&ab_channel=TagaBikes","title":"Le meilleur v\u00e9lo cargo \u00e9lectrique pliant pour transporter les enfants et faire les courses","preview":"94324"}],"galleria_fotografica":{"galleria_banner":["94341","94326","94333","95675","94352","94353","94349","94347","94337","94335","94336"]},"edition":"2","video_single":["96850"],"prevideo":{"title":"Le meilleur v\u00e9lo cargo \u00e0 trois roues pour la famille"},"charakteristicks":{"list":[{"text1":"Taga Family Bike ha","text2":"4,0x ","text3":"di durata","text4":"rispetto a 85% di altre cargo bike"},{"text1":"Taga Family Bike \u00e8 fino a","text2":"1,5x","text3":"pi\u00f9 leggera","text4":"rispetto al 90% delle cargo bike a tre ruote"},{"text1":"Taga Family Bike \u00e8","text2":"2,0x","text3":"pi\u00f9 potente","text4":"rispetto alle altre cargo bike a 3 ruote"}]},"vantaggi":[{"title":"Une stabilit\u00e9 exceptionnelle","desc":"Con tre ruote mantiene l\u2019equilibrio in tutte le fasi di uso: in movimento, in curva e da fermo","icon":"96862"},{"title":"Parfait pour les b\u00e9b\u00e9s","desc":"Supporta l\u2019installazione di ovetti compatibili e sedili reclinabili, offrendo comfort e sicurezza","icon":"96861"},{"title":"Cadre robuste et durable","desc":"Realizzata in acciaio cromato, offre resistenza e solidit\u00e0, confortevole e fatta per durare.","icon":"96860"},{"title":"Enfants \u00e0 l'avant","desc":"Il cassone anteriore permette ai bambini di sedere di fronte al genitore.","icon":"96863"}],"banner_think":"97625","banner_think_mobile":"97626","title_hero":"Taga Family Bike","pretitle_hero":"Il triciclo pi\u00f9 famoso al mondo","paga":"Tuo a partire da 107\u20ac al mese","configuration":{"title":"Pour votre confort. Configurations pr\u00eates \u00e0 l'emploi","post":["96640","94377","94371","94375","94369","94321"]},"tags":["Viaggi sicuri","Spazio e comfort","Carico senza sforzo"],"short_description":"Tutto lo spazio e il comfort di cui ha bisogno il tuo bambino in un cestone ultra resistente, con un baricentro basso che garantisce sempre un controllo totale e prevedibile.","garanzia":"10"},"catalog_group":{"text":"TAGA Family Power 1 Kid: La Bicicletta Ideale per le Famiglie con un Bambino","vuoi":"una bicicletta elettrica pensata per le famiglie. Il massimo del comfort, sicurezza e praticit\u00e0 in una bici facile da guidare. \u00c8 la soluzione ideale e pi\u00f9 cool per le esigenze quotidiane della tua famiglia."}},"_links":{"self":[{"href":"https:\/\/donnobikes.com\/fr\/wp-json\/wp\/v2\/product\/94367","targetHints":{"allow":["GET"]}}],"collection":[{"href":"https:\/\/donnobikes.com\/fr\/wp-json\/wp\/v2\/product"}],"about":[{"href":"https:\/\/donnobikes.com\/fr\/wp-json\/wp\/v2\/types\/product"}],"replies":[{"embeddable":true,"href":"https:\/\/donnobikes.com\/fr\/wp-json\/wp\/v2\/comments?post=94367"}],"wp:featuredmedia":[{"embeddable":true,"href":"https:\/\/donnobikes.com\/fr\/wp-json\/wp\/v2\/media\/97873"}],"wp:attachment":[{"href":"https:\/\/donnobikes.com\/fr\/wp-json\/wp\/v2\/media?parent=94367"}],"wp:term":[{"taxonomy":"product_brand","embeddable":true,"href":"https:\/\/donnobikes.com\/fr\/wp-json\/wp\/v2\/product_brand?post=94367"},{"taxonomy":"product_cat","embeddable":true,"href":"https:\/\/donnobikes.com\/fr\/wp-json\/wp\/v2\/product_cat?post=94367"},{"taxonomy":"product_tag","embeddable":true,"href":"https:\/\/donnobikes.com\/fr\/wp-json\/wp\/v2\/product_tag?post=94367"}],"curies":[{"name":"wp","href":"https:\/\/api.w.org\/{rel}","templated":true}]}}