{"id":94371,"date":"2023-11-25T09:56:11","date_gmt":"2023-11-25T08:56:11","guid":{"rendered":"https:\/\/donnobikes.com\/?post_type=product&#038;p=94371"},"modified":"2026-02-27T10:16:16","modified_gmt":"2026-02-27T09:16:16","slug":"taga-family-power-one-baby-one-kid","status":"publish","type":"product","link":"https:\/\/donnobikes.com\/fr\/produit\/taga-family-power-one-baby-one-kid\/","title":{"rendered":"Taga Family Power 1 Baby &amp; 1 Kid"},"content":{"rendered":"<h2>TAGA Family Power 1 Baby &amp; 1 Kid : parfait pour les familles avec un b\u00e9b\u00e9 et un enfant en bas \u00e2ge<\/h2>\n<p><strong>TAGA r\u00e9volutionne le transport familial<\/strong><\/p>\n<p>Contrairement aux v\u00e9los cargo ordinaires, le TAGA Family Power 1 Baby &amp; 1 Kid a \u00e9t\u00e9 con\u00e7u d\u00e8s le d\u00e9part exclusivement pour les familles. En trois ans, TAGA a cr\u00e9\u00e9 le v\u00e9lo le plus confortable, le plus s\u00fbr et le plus facile \u00e0 conduire, parfait pour la vie de famille. Vos enfants sont plac\u00e9s devant vous, ce qui vous permet d'explorer le monde ensemble en toute s\u00e9curit\u00e9 et confort.<\/p>\n<p>Personnalisable gr\u00e2ce \u00e0 une large gamme d'accessoires, il s'adapte parfaitement \u00e0 vos besoins. TAGA n'est pas seulement un moyen de transport, mais une invitation \u00e0 une vie active, durable et saine avec vos enfants.<\/p>","protected":false},"excerpt":{"rendered":"<p>TAGA Family Power 1 Baby &amp; 1 Kid: perfetta per famiglie con un neonato e un bambino Rivoluzionando il Trasporto Familiare con TAGA A differenza delle comuni biciclette da carico, TAGA Family Power 1 Baby &amp; 1 Kid \u00e8 stata progettata fin dall&#8217;inizio esclusivamente per famiglie. In tre anni, TAGA ha creato la bicicletta pi\u00f9 [&hellip;]<\/p>\n","protected":false},"featured_media":94372,"comment_status":"open","ping_status":"closed","template":"","meta":[],"product_brand":[],"product_cat":[594,621,622,623,33,624,626,591,525,630,625],"product_tag":[],"class_list":{"0":"post-94371","1":"product","2":"type-product","3":"status-publish","4":"has-post-thumbnail","6":"product_cat-catalogo","7":"product_cat-bici-da-carico","8":"product_cat-bici-da-trasporto","9":"product_cat-bici-per-trasporto-bambini","10":"product_cat-biciclette","11":"product_cat-cargo-bike","12":"product_cat-cargo-bike-elettrica","13":"product_cat-e-bike","14":"product_cat-front-cargo","15":"product_cat-taga-family","16":"product_cat-tre-route","17":"product_shipping_class-bicicletta","19":"first","20":"instock","21":"shipping-taxable","22":"purchasable","23":"product-type-simple"},"gallery_images":[],"meta_box":{"short_name":"","marketing_name":"TAGA FAMILY 1 Baby + 1 Kid","motore_for_biciclette":[],"biciclette_id":"94357","consegna":"","configurator":[],"single_page_group":{"video_group":[{"link_video":"https:\/\/www.youtube.com\/watch?v=497lu5kcXhM&ab_channel=TagaBikes","title":"Faire du v\u00e9lo avec des enfants sur le v\u00e9lo Taga","preview":"94323"},{"link_video":"https:\/\/www.youtube.com\/watch?v=rRqE55jgaL8&ab_channel=TagaBikes","title":"Le meilleur v\u00e9lo cargo \u00e9lectrique pliant pour transporter les enfants et faire les courses","preview":"94324"}],"galleria_fotografica":{"galleria_banner":["94341","94326","94333","95675","94353","94352","94336","94335","94337","94329"]},"edition":"2","video_single":["96850"],"prevideo":{"title":"Le meilleur v\u00e9lo cargo \u00e0 trois roues pour la famille"},"charakteristicks":{"list":[{"text1":"Taga Family Bike ha","text2":"4,0x ","text3":"di durata","text4":"rispetto a 85% di altre cargo bike"},{"text1":"Taga Family Bike \u00e8 fino a","text2":"1,5x","text3":"pi\u00f9 leggera","text4":"rispetto al 90% delle cargo bike a tre ruote"},{"text1":"Taga Family Bike \u00e8","text2":"2,0x","text3":"pi\u00f9 potente","text4":"rispetto alle altre cargo bike a 3 ruote"}]},"vantaggi":[{"title":"Une stabilit\u00e9 exceptionnelle","desc":"Con tre ruote mantiene l\u2019equilibrio in tutte le fasi di uso: in movimento, in curva e da fermo","icon":"96862"},{"title":"Parfait pour les b\u00e9b\u00e9s","desc":"Supporta l\u2019installazione di ovetti compatibili e sedili reclinabili, offrendo comfort e sicurezza","icon":"96861"},{"title":"Cadre robuste et durable","desc":"Realizzata in acciaio cromato, offre resistenza e solidit\u00e0, confortevole e fatta per durare.","icon":"96860"},{"title":"Enfants \u00e0 l'avant","desc":"Il cassone anteriore permette ai bambini di sedere di fronte al genitore.","icon":"96863"}],"banner_think":"97625","banner_think_mobile":"97626","title_hero":"Taga Family Bike","pretitle_hero":"Il triciclo pi\u00f9 famoso al mondo","paga":"Tuo a partire da 112\u20ac al mese","configuration":{"title":"Pour votre confort. Configurations pr\u00eates \u00e0 l'emploi","post":["96640","94377","94375","94369","94367","94321"]}},"catalog_group":{"text":"La scelta numero uno per il trasporto di un neonato e un bambino.","vuoi":"Una bicicletta elettrica pensata per le famiglie, unendo comfort, sicurezza, e facilit\u00e0 d'uso in un design pratico e cool. Ideale per le avventure con un neonato e un bambino"}},"_links":{"self":[{"href":"https:\/\/donnobikes.com\/fr\/wp-json\/wp\/v2\/product\/94371","targetHints":{"allow":["GET"]}}],"collection":[{"href":"https:\/\/donnobikes.com\/fr\/wp-json\/wp\/v2\/product"}],"about":[{"href":"https:\/\/donnobikes.com\/fr\/wp-json\/wp\/v2\/types\/product"}],"replies":[{"embeddable":true,"href":"https:\/\/donnobikes.com\/fr\/wp-json\/wp\/v2\/comments?post=94371"}],"wp:featuredmedia":[{"embeddable":true,"href":"https:\/\/donnobikes.com\/fr\/wp-json\/wp\/v2\/media\/94372"}],"wp:attachment":[{"href":"https:\/\/donnobikes.com\/fr\/wp-json\/wp\/v2\/media?parent=94371"}],"wp:term":[{"taxonomy":"product_brand","embeddable":true,"href":"https:\/\/donnobikes.com\/fr\/wp-json\/wp\/v2\/product_brand?post=94371"},{"taxonomy":"product_cat","embeddable":true,"href":"https:\/\/donnobikes.com\/fr\/wp-json\/wp\/v2\/product_cat?post=94371"},{"taxonomy":"product_tag","embeddable":true,"href":"https:\/\/donnobikes.com\/fr\/wp-json\/wp\/v2\/product_tag?post=94371"}],"curies":[{"name":"wp","href":"https:\/\/api.w.org\/{rel}","templated":true}]}}