{"id":94377,"date":"2023-11-25T10:36:05","date_gmt":"2023-11-25T09:36:05","guid":{"rendered":"https:\/\/donnobikes.com\/?post_type=product&#038;p=94377"},"modified":"2026-02-27T10:17:24","modified_gmt":"2026-02-27T09:17:24","slug":"taga-family-power-2-kids-with-canopies","status":"publish","type":"product","link":"https:\/\/donnobikes.com\/fr\/produit\/taga-family-power-2-kids-with-canopies\/","title":{"rendered":"Taga Family Power 2 Kid avec auvents solaires"},"content":{"rendered":"<h2>Taga Family Power 2 Kid avec auvents : le nec plus ultra pour la famille moderne.<\/h2>\n<p><strong>Taga Family Power 2 Kid avec pare-soleil : l'innovation au service des familles<\/strong><\/p>\n<p>Le Taga Family Power 2 Kid avec toit solaire repr\u00e9sente une v\u00e9ritable r\u00e9volution dans le domaine des v\u00e9los-cargos. Con\u00e7u exclusivement pour les familles, TAGA a pass\u00e9 trois ans \u00e0 cr\u00e9er le v\u00e9lo parfait : confortable, s\u00fbr, facile \u00e0 conduire, pratique et \u00e9l\u00e9gant. En pla\u00e7ant les enfants devant vous, chaque trajet devient une aventure partag\u00e9e \u00e0 l'abri du soleil.<\/p>\n<p>Gr\u00e2ce \u00e0 sa gamme d'accessoires, dont les pare-soleil, ce v\u00e9lo peut \u00eatre personnalis\u00e9 pour s'adapter parfaitement aux besoins de chaque famille<strong>. Un moyen id\u00e9al de promouvoir un mode de vie actif, durable et sain. <\/strong><\/p>","protected":false},"excerpt":{"rendered":"<p>Taga Family Power 2 Kid con cappottine parasole: il massimo per la famiglia moderna. Taga Family Power 2 Kid con Cappottine Parasole: Innovazione per le Famiglie La Taga Family Power 2 Kid con cappottine parasole rappresenta una vera rivoluzione nelle biciclette da carico. Progettata esclusivamente per le famiglie, TAGA ha dedicato tre anni per creare [&hellip;]<\/p>\n","protected":false},"featured_media":94378,"comment_status":"open","ping_status":"closed","template":"","meta":[],"product_brand":[],"product_cat":[594,621,622,623,33,624,626,591,525,630,625],"product_tag":[],"class_list":{"0":"post-94377","1":"product","2":"type-product","3":"status-publish","4":"has-post-thumbnail","6":"product_cat-catalogo","7":"product_cat-bici-da-carico","8":"product_cat-bici-da-trasporto","9":"product_cat-bici-per-trasporto-bambini","10":"product_cat-biciclette","11":"product_cat-cargo-bike","12":"product_cat-cargo-bike-elettrica","13":"product_cat-e-bike","14":"product_cat-front-cargo","15":"product_cat-taga-family","16":"product_cat-tre-route","17":"product_shipping_class-bicicletta","19":"first","20":"instock","21":"shipping-taxable","22":"purchasable","23":"product-type-simple"},"gallery_images":[],"meta_box":{"short_name":"","marketing_name":"TAGA FAMILY 2 KID","motore_for_biciclette":[],"biciclette_id":"94357","consegna":"","configurator":[],"single_page_group":{"video_group":[{"link_video":"https:\/\/www.youtube.com\/watch?v=497lu5kcXhM&ab_channel=TagaBikes","title":"Faire du v\u00e9lo avec des enfants sur le v\u00e9lo Taga","preview":"94323"},{"link_video":"https:\/\/www.youtube.com\/watch?v=rRqE55jgaL8&ab_channel=TagaBikes","title":"Le meilleur v\u00e9lo cargo \u00e9lectrique pliant pour transporter les enfants et faire les courses","preview":"94324"}],"galleria_fotografica":{"galleria_banner":["94341","94333","95675","94352","94353","94347","94336","94335","94326","94337","94330"]},"edition":"2","video_single":["96850"],"prevideo":{"title":"Le meilleur v\u00e9lo cargo \u00e0 trois roues pour la famille"},"charakteristicks":{"list":[{"text1":"Taga Family Bike ha","text2":"4,0x ","text3":"di durata","text4":"rispetto a 85% di altre cargo bike"},{"text1":"Taga Family Bike \u00e8 fino a","text2":"1,5x","text3":"pi\u00f9 leggera","text4":"rispetto al 90% delle cargo bike a tre ruote"},{"text1":"Taga Family Bike \u00e8","text2":"2,0x","text3":"pi\u00f9 potente","text4":"rispetto alle altre cargo bike a 3 ruote"}]},"vantaggi":[{"title":"Une stabilit\u00e9 exceptionnelle","desc":"Con tre ruote mantiene l\u2019equilibrio in tutte le fasi di uso: in movimento, in curva e da fermo","icon":"96862"},{"title":"Parfait pour les b\u00e9b\u00e9s","desc":"Supporta l\u2019installazione di ovetti compatibili e sedili reclinabili, offrendo comfort e sicurezza","icon":"96861"},{"title":"Cadre robuste et durable","desc":"Realizzata in acciaio cromato, offre resistenza e solidit\u00e0, confortevole e fatta per durare.","icon":"96860"},{"title":"Enfants \u00e0 l'avant","desc":"Il cassone anteriore permette ai bambini di sedere di fronte al genitore.","icon":"96863"}],"banner_think":"97625","banner_think_mobile":"97626","title_hero":"Taga Family Bike","pretitle_hero":"Il triciclo pi\u00f9 famoso al mondo","paga":"Tuo a partire da 118\u20ac al mese","configuration":{"title":"Pour votre confort. Configurations pr\u00eates \u00e0 l'emploi","post":["96640","94375","94371","94369","94367","94321"]}},"catalog_group":{"text":"TAGA Family Bike, la bicicletta n.1 al mondo per il trasporto di bambini!","vuoi":"Una bici elettrica che soddisfa tutte le esigenze familiari: comfort, sicurezza, facilit\u00e0 di guida, praticit\u00e0 e stile. Ideale per avventure quotidiane con due bambini, protetti e all'ombra"}},"_links":{"self":[{"href":"https:\/\/donnobikes.com\/fr\/wp-json\/wp\/v2\/product\/94377","targetHints":{"allow":["GET"]}}],"collection":[{"href":"https:\/\/donnobikes.com\/fr\/wp-json\/wp\/v2\/product"}],"about":[{"href":"https:\/\/donnobikes.com\/fr\/wp-json\/wp\/v2\/types\/product"}],"replies":[{"embeddable":true,"href":"https:\/\/donnobikes.com\/fr\/wp-json\/wp\/v2\/comments?post=94377"}],"wp:featuredmedia":[{"embeddable":true,"href":"https:\/\/donnobikes.com\/fr\/wp-json\/wp\/v2\/media\/94378"}],"wp:attachment":[{"href":"https:\/\/donnobikes.com\/fr\/wp-json\/wp\/v2\/media?parent=94377"}],"wp:term":[{"taxonomy":"product_brand","embeddable":true,"href":"https:\/\/donnobikes.com\/fr\/wp-json\/wp\/v2\/product_brand?post=94377"},{"taxonomy":"product_cat","embeddable":true,"href":"https:\/\/donnobikes.com\/fr\/wp-json\/wp\/v2\/product_cat?post=94377"},{"taxonomy":"product_tag","embeddable":true,"href":"https:\/\/donnobikes.com\/fr\/wp-json\/wp\/v2\/product_tag?post=94377"}],"curies":[{"name":"wp","href":"https:\/\/api.w.org\/{rel}","templated":true}]}}