{"id":95217,"date":"2024-03-13T11:36:39","date_gmt":"2024-03-13T10:36:39","guid":{"rendered":"https:\/\/donnobikes.com\/?post_type=product&#038;p=95217"},"modified":"2026-02-09T10:00:38","modified_gmt":"2026-02-09T09:00:38","slug":"jeu-de-poignees-et-de-dossiers-premium","status":"publish","type":"product","link":"https:\/\/donnobikes.com\/fr\/produit\/jeu-de-poignees-et-de-dossiers-premium\/","title":{"rendered":"Jeu de poign\u00e9es et de dossiers de qualit\u00e9 sup\u00e9rieure"},"content":{"rendered":"<h3>L\u2019accessorio prendi 2 paghi 1!<\/h3>\n<div class=\"flex-1 overflow-hidden\">\n<div class=\"react-scroll-to-bottom--css-oqwqr-79elbk h-full\">\n<div class=\"react-scroll-to-bottom--css-oqwqr-1n7m0yu\">\n<div class=\"flex flex-col pb-9 text-sm\">\n<div class=\"w-full text-token-text-primary\" data-testid=\"conversation-turn-9\">\n<div class=\"px-4 py-2 justify-center text-base md:gap-6 m-auto\">\n<div class=\"flex flex-1 text-base mx-auto gap-3 md:px-5 lg:px-1 xl:px-5 md:max-w-3xl lg:max-w-[40rem] xl:max-w-[48rem] group final-completion\">\n<div class=\"relative flex w-full flex-col agent-turn\">\n<div class=\"absolute\">\n<div class=\"flex w-full gap-2 items-center justify-center\">\u00c8 una maniglia? Un appoggia schiena? Entrambi!<\/div>\n<div class=\"flex w-full gap-2 items-center justify-center\">Il set maniglia premium e schienaline, \u00e8 l\u2019accessorio perfetto se cerchi versatilit\u00e0, sicurezza ed un tocco di stile in pi\u00f9 per la tua Cargo Bike.<\/div>\n<div>Questo prodotto due accessori in uno: Posto nella parte centrale del portapacchi posteriore, \u00e8 un appoggia schiena per il primo passeggero, ma anche una maniglia di sicurezza per il secondo passeggero!<\/div>\n<div><\/div>\n<ul>\n<li><strong>Realizzato con materiale resistente all\u2019usura ed impermeabile:\u00a0<\/strong>Il cuscino \u00e8 realizzato con un materiale resistente all\u2019acqua ed all\u2019usura, mentre la maniglia \u00e8 in alluminio di altissima qualit\u00e0 per garantire il massimo comfort e sicurezza.<\/li>\n<li><strong>Dimensioni del cuscino 26 cm x 16 cm, maniglia di sicurezza 29 x 25 cm<\/strong><\/li>\n<li><strong>Adatto dai 4 anni in su:\u00a0<\/strong>L\u2019Appoggia Schiena Yuba offre un supporto ergonomico che si adatta perfettamente alla schiena dei passeggeri, \u00e8 consigliato ad un\u2019et\u00e0 che parte dai 4 anni ed \u00e8 perfetto anche per trasportare passeggeri adulti<\/li>\n<li><strong>Installazione Semplice:<\/strong>\u00a0Grazie al design intuitivo, l\u2019appoggia schiena si installa facilmente sul portapacchi posteriore della cargo bike Yuba, senza la necessit\u00e0 di strumenti complicati o competenze particolari.<\/li>\n<\/ul>\n<p><strong>Compatibile con tutti i modelli Kombi, Mundo, Spicy Curry, Fastrack<\/strong><\/p>\n<p>Il set maniglia premium e schienaline non solo aggiunge un tocco di stile alla tua cargo bike, ma offre versatilit\u00e0, comfort e sicurezza, tutto in un unico accessorio!<\/p>\n<\/div>\n<\/div>\n<\/div>\n<\/div>\n<\/div>\n<\/div>\n<\/div>\n<\/div>\n<\/div>\n","protected":false},"excerpt":{"rendered":"<p>L\u2019accessorio prendi 2 paghi 1! \u00c8 una maniglia? Un appoggia schiena? Entrambi! Il set maniglia premium e schienaline, \u00e8 l\u2019accessorio perfetto se cerchi versatilit\u00e0, sicurezza ed un tocco di stile in pi\u00f9 per la tua Cargo Bike. Questo prodotto due accessori in uno: Posto nella parte centrale del portapacchi posteriore, \u00e8 un appoggia schiena per [&hellip;]<\/p>\n","protected":false},"featured_media":95218,"comment_status":"open","ping_status":"closed","template":"","meta":[],"product_brand":[],"product_cat":[522,641,640,639,601,23,651],"product_tag":[],"class_list":{"0":"post-95217","1":"product","2":"type-product","3":"status-publish","4":"has-post-thumbnail","6":"product_cat-accessori","7":"product_cat-inbicy-flashswitch-seduta-e-carico-posteriore-2","8":"product_cat-inbicy-supernova-seduta-e-carico-posteriore-2","9":"product_cat-seduta-e-carico-posteriore-2","10":"product_cat-seggiolini-e-sedute","11":"product_cat-accessori-vari","12":"product_cat-yuba-kombi-db-seduta-e-carico-posteriore-2","13":"product_shipping_class-accessori","15":"first","16":"instock","17":"shipping-taxable","18":"purchasable","19":"product-type-simple"},"gallery_images":[],"meta_box":{"short_name":"","marketing_name":"","motore_for_biciclette":[],"biciclette_id":"","consegna":"","configurator":[],"single_page_group":[],"catalog_group":[]},"_links":{"self":[{"href":"https:\/\/donnobikes.com\/fr\/wp-json\/wp\/v2\/product\/95217","targetHints":{"allow":["GET"]}}],"collection":[{"href":"https:\/\/donnobikes.com\/fr\/wp-json\/wp\/v2\/product"}],"about":[{"href":"https:\/\/donnobikes.com\/fr\/wp-json\/wp\/v2\/types\/product"}],"replies":[{"embeddable":true,"href":"https:\/\/donnobikes.com\/fr\/wp-json\/wp\/v2\/comments?post=95217"}],"wp:featuredmedia":[{"embeddable":true,"href":"https:\/\/donnobikes.com\/fr\/wp-json\/wp\/v2\/media\/95218"}],"wp:attachment":[{"href":"https:\/\/donnobikes.com\/fr\/wp-json\/wp\/v2\/media?parent=95217"}],"wp:term":[{"taxonomy":"product_brand","embeddable":true,"href":"https:\/\/donnobikes.com\/fr\/wp-json\/wp\/v2\/product_brand?post=95217"},{"taxonomy":"product_cat","embeddable":true,"href":"https:\/\/donnobikes.com\/fr\/wp-json\/wp\/v2\/product_cat?post=95217"},{"taxonomy":"product_tag","embeddable":true,"href":"https:\/\/donnobikes.com\/fr\/wp-json\/wp\/v2\/product_tag?post=95217"}],"curies":[{"name":"wp","href":"https:\/\/api.w.org\/{rel}","templated":true}]}}