{"id":95874,"date":"2024-05-08T10:41:48","date_gmt":"2024-05-08T08:41:48","guid":{"rendered":"https:\/\/donnobikes.com\/?post_type=product&#038;p=95874"},"modified":"2026-02-09T10:00:25","modified_gmt":"2026-02-09T09:00:25","slug":"housse-de-pluie-et-housse-de-pare-soleil-sunrain","status":"publish","type":"product","link":"https:\/\/donnobikes.com\/fr\/produit\/housse-de-pluie-et-housse-de-pare-soleil-sunrain\/","title":{"rendered":"Housse de protection contre la pluie et le soleil SunRain"},"content":{"rendered":"<h3>Une protection innovante contre le soleil et la pluie pour les v\u00e9los !<\/h3>\n<p>La <strong>housse innovante pour Cargo Bike<\/strong>exclusivement compatible avec les mod\u00e8les iO InBicy et Yuba Kombi \u00e9quip\u00e9s de tiges de protection iO InBicy.<\/p>\n<p>Con\u00e7u pour assurer la s\u00e9curit\u00e9 et le confort de vos enfants en voyage. Ce syst\u00e8me unique et brevet\u00e9 sert \u00e0 la fois de protection contre le soleil et la pluie, offrant une protection compl\u00e8te par tous les temps. Fabriqu\u00e9 \u00e0 partir de mat\u00e9riaux de haute qualit\u00e9, il est solide et durable, offrant une couverture compl\u00e8te sans compromettre la visibilit\u00e9 ou la mobilit\u00e9. Le design a \u00e9t\u00e9 con\u00e7u pour faciliter l'installation et le retrait, ce qui rend chaque utilisation pratique et rapide. Parfait pour les familles qui aiment faire du v\u00e9lo, il constitue une solution fiable et s\u00fbre.<\/p>\n<p>En choisissant notre couverture, vous faites confiance \u00e0 un produit de pointe, d\u00e9velopp\u00e9 apr\u00e8s des recherches intensives. Il ne s'agit pas d'un simple achat, mais <strong>un investissement dans la s\u00e9curit\u00e9<\/strong> et le bien-\u00eatre de vos enfants lors de vos d\u00e9placements. Rejoignez-nous pour faire de chaque trajet \u00e0 v\u00e9lo une exp\u00e9rience s\u00fbre et agr\u00e9able.<\/p>","protected":false},"excerpt":{"rendered":"<p>Innovativa copertura parasole e pioggia per bike! La copertura innovativa per Cargo Bike, compatibile esclusivamente con i modelli iO InBicy e Yuba Kombi, dotati di Aste Protettive di iO InBicy. Progettata per garantire la sicurezza e il comfort dei vostri bambini durante i viaggi. Questo sistema brevettato, unico al mondo, agisce sia come parasole che [&hellip;]<\/p>\n","protected":false},"featured_media":96217,"comment_status":"open","ping_status":"closed","template":"","meta":[],"product_brand":[],"product_cat":[140,522,16,647,646,645,650],"product_tag":[],"class_list":{"0":"post-95874","1":"product","2":"type-product","3":"status-publish","4":"has-post-thumbnail","6":"product_cat-inbicy-accessori","7":"product_cat-accessori","8":"product_cat-yuba-accessori","9":"product_cat-inbicy-flashswitch-protezione-bambini-pioggia-e-sole","10":"product_cat-inbicy-supernova-protezione-bambini-pioggia-e-sole","11":"product_cat-protezione-contro-pioggia-e-sole","12":"product_cat-yuba-kombi-db-protezione-contro-pioggia-e-sole","14":"first","15":"instock","16":"sale","17":"shipping-taxable","18":"purchasable","19":"product-type-simple"},"gallery_images":[96218,97165,97040,97001,97508,96964],"meta_box":{"short_name":"","marketing_name":"","motore_for_biciclette":[],"biciclette_id":"","consegna":"","configurator":[],"single_page_group":{"edition":"2"},"catalog_group":[]},"_links":{"self":[{"href":"https:\/\/donnobikes.com\/fr\/wp-json\/wp\/v2\/product\/95874","targetHints":{"allow":["GET"]}}],"collection":[{"href":"https:\/\/donnobikes.com\/fr\/wp-json\/wp\/v2\/product"}],"about":[{"href":"https:\/\/donnobikes.com\/fr\/wp-json\/wp\/v2\/types\/product"}],"replies":[{"embeddable":true,"href":"https:\/\/donnobikes.com\/fr\/wp-json\/wp\/v2\/comments?post=95874"}],"wp:featuredmedia":[{"embeddable":true,"href":"https:\/\/donnobikes.com\/fr\/wp-json\/wp\/v2\/media\/96217"}],"wp:attachment":[{"href":"https:\/\/donnobikes.com\/fr\/wp-json\/wp\/v2\/media?parent=95874"}],"wp:term":[{"taxonomy":"product_brand","embeddable":true,"href":"https:\/\/donnobikes.com\/fr\/wp-json\/wp\/v2\/product_brand?post=95874"},{"taxonomy":"product_cat","embeddable":true,"href":"https:\/\/donnobikes.com\/fr\/wp-json\/wp\/v2\/product_cat?post=95874"},{"taxonomy":"product_tag","embeddable":true,"href":"https:\/\/donnobikes.com\/fr\/wp-json\/wp\/v2\/product_tag?post=95874"}],"curies":[{"name":"wp","href":"https:\/\/api.w.org\/{rel}","templated":true}]}}