{"id":96130,"date":"2024-09-30T13:36:24","date_gmt":"2024-09-30T11:36:24","guid":{"rendered":"https:\/\/donnobikes.com\/?post_type=product&#038;p=96130"},"modified":"2026-03-16T14:12:35","modified_gmt":"2026-03-16T13:12:35","slug":"yuba-curry-epice","status":"publish","type":"product","link":"https:\/\/donnobikes.com\/fr\/produit\/yuba-curry-epice\/","title":{"rendered":"Curry \u00e9pic\u00e9 de Yuba"},"content":{"rendered":"<h3>Le roi des courbes ultra-stables<\/h3>\n<p>Le secret du Yuba Spicy Curry r\u00e9side dans sa petite roue arri\u00e8re - et bien s\u00fbr dans son moteur extr\u00eamement puissant. Gr\u00e2ce \u00e0 la petite roue arri\u00e8re, le centre de gravit\u00e9 de ce Long Tail est si bas que vous vous sentez beaucoup plus en s\u00e9curit\u00e9 et plus stable sur la route que sur tous les autres mod\u00e8les. M\u00eame avec deux enfants pleins de vie, un adulte ou du mat\u00e9riel de ski sur le porte-bagages : le Spicy Curry est incroyablement facile \u00e0 conduire ! En outre, la petite roue arri\u00e8re vous donne un coup de pouce suppl\u00e9mentaire dans les mont\u00e9es, mais le moteur Bosch CargoLine, l'un des meilleurs du march\u00e9, vous apporte toute l'assistance dont vous avez besoin.<\/p>\n<p><strong>Exceptionnel en mont\u00e9e et sur le plat<\/strong><\/p>\n<p>Il existe tr\u00e8s peu de v\u00e9los e-cargo con\u00e7us pour affronter les pentes. Le Spicy Curry en fait partie. Gr\u00e2ce au puissant moteur Bosch Cargo Line et \u00e0 la petite roue arri\u00e8re, l'acc\u00e9l\u00e9ration est impressionnante. Avec un couple maximal de 85 Nm, le moteur \u00e9lectrique augmente votre puissance de p\u00e9dalage de 400%. Cela signifie que vous atteindrez la vitesse souhait\u00e9e apr\u00e8s seulement quelques coups de p\u00e9dale, m\u00eame en mont\u00e9e, o\u00f9 il est g\u00e9n\u00e9ralement plus difficile de p\u00e9daler. Vous le remarquerez \u00e9galement sur le plat : tout va encore plus vite.<\/p>","protected":false},"excerpt":{"rendered":"<p>Moteur Bosch Cargo Line 250W - Couleur True Blue<\/p>","protected":false},"featured_media":96134,"comment_status":"open","ping_status":"closed","template":"","meta":[],"product_brand":[],"product_cat":[621,622,623,33,624,626,594,524,21],"product_tag":[18,36],"class_list":{"0":"post-96130","1":"product","2":"type-product","3":"status-publish","4":"has-post-thumbnail","6":"product_cat-bici-da-carico","7":"product_cat-bici-da-trasporto","8":"product_cat-bici-per-trasporto-bambini","9":"product_cat-biciclette","10":"product_cat-cargo-bike","11":"product_cat-cargo-bike-elettrica","12":"product_cat-catalogo","13":"product_cat-full-size-cargo","14":"product_cat-yuba","15":"product_tag-cargo-bike","16":"product_tag-e-bike","17":"product_shipping_class-bicicletta","19":"first","20":"instock","21":"shipping-taxable","22":"purchasable","23":"product-type-variable","24":"has-default-attributes"},"gallery_images":[96135,96136],"meta_box":{"short_name":"","marketing_name":"YUBA SPICY CURRY","motore_for_biciclette":["89128"],"biciclette_id":"96148","consegna":"","configurator":[],"single_page_group":{"video_group":[{"link_video":"https:\/\/www.youtube.com\/watch?v=2pmt1f8BtV0","title":"Le temps de la famille","preheader":"Esaudire i desideri dei tuoi figli in sella a una cargo bike? Si pu\u00f2!","preview":"93594"},{"link_video":"https:\/\/www.youtube.com\/watch?v=WmIqg9JVTvw","title":"Le remodelage \u00e0 plein r\u00e9gime","preheader":"Nuovi dettagli migliorano il look e le prestazioni","preview":"93589"},{"link_video":"https:\/\/www.youtube.com\/watch?v=EHQbc2f4yZc","title":"OWL, Une famille italienne en Islande \u00e0 v\u00e9lo cargo","preheader":"Un viaggio in terre isolate e lontane in sella a due Spicy Curry","preview":"93592"},{"link_video":"https:\/\/www.youtube.com\/watch?v=-tMzaWqLZrs&t=32s","title":"Un v\u00e9lo \u00e9lectrique cargo unique","preheader":"Caratteristiche e funzionalit\u00e0 di una bici da carico speciale","preview":"93593"}],"galleria_fotografica":{"image":["96174","96175","96176","96177","96178","96179","96180","96181","96182"],"galleria_banner":["96166","96162","96168","96171","96153"]},"versatilita":{"title":"YUBA SPICY CURRY. V\u00c9LO \u00c9LECTRIQUE U-TILITY DE NOUVELLE G\u00c9N\u00c9RATION.","desc":"Yuba Spicy Curry combina grandi prestazioni di carico a eccezionale manovrabilit\u00e0, resa pi\u00f9 semplice per ciclisti di altezza inferiore a 180cm. La potenza del motore Bosch, la versatilit\u00e0 e la pi\u00f9 ampia gamma di accessori Yuba progettati in esclusiva per questo modello, rendono questa full cargo e-bike una straordinaria sostituta dell'auto per ambienti cittadini ed extra-urbani, anche in particolari condizioni climatiche e di fondo stradale come neve, ghiaccio, sabbia o pioggia.","versatilita_group":[{"image":"93312","desc":"Senza accessori sembra una e-bike pi\u00f9 lunga del normale ma sono il baricentro basso e l'incredibile capacit\u00e0 di carico che la rendono unica."},{"image":"93311","desc":"Portapacchi da 95cm a cui agganciare grandi borse laterali e una borsa spesa nel cesto anteriore ne fanno una perfetta sostituta dell'automobile."},{"image":"93314","desc":"L'accessorio Carry-On crea una notevole estensione del piano di carico per trasportare carichi larghi e ingombranti su piano orizzontale."},{"image":"93313","desc":"Con l'estensione del piano e Sideboard rialzati, protegge i carichi. Agganciando la doppia borsa 2-Go Cargo con le estensioni clip, trasporta grandi carichi."},{"image":"93317","desc":"Compatible con Yepp, Qibbel e la maggior parte dei seggiolini disponibili sul mercato. La cargo bike \u00e8 progettata per portare due bambini in sicurezza."},{"image":"93318","desc":"Porta un bambino su un seggiolino e un secondo pi\u00f9 grande sul retro. Le aste di sicurezza sono facoltative ma assolutamente raccomandate."},{"image":"93315","desc":"Trasporta bambini pi\u00f9 grandi e passeggeri adulti. Le sponde laterali e le maniglie tra cui scegliere garantiscono comfort durante la corsa."},{"image":"93316","desc":"Usa la cargo bike in qualunque condizione atmosferica, proteggendo il tuo carico. I tuoi passeggeri avranno sempre una vista panoramica."},{"image":"89498"}]},"edition":"0"},"catalog_group":{"quote":"3 COLORI","text":"Una cargo bike elettrica dal design unico, perfetta per trasportare grandi carichi e accompagnare famiglie attive!","vuoi":"Un telaio innovativo a baricentro basso che rende la guida estremamente facile, anche con bambini, adulti o attrezzature a bordo. Una delle cargo bike pi\u00f9 stabili e divertenti da guidare, con una vasta gamma di accessori per tutte le stagioni!"}},"_links":{"self":[{"href":"https:\/\/donnobikes.com\/fr\/wp-json\/wp\/v2\/product\/96130","targetHints":{"allow":["GET"]}}],"collection":[{"href":"https:\/\/donnobikes.com\/fr\/wp-json\/wp\/v2\/product"}],"about":[{"href":"https:\/\/donnobikes.com\/fr\/wp-json\/wp\/v2\/types\/product"}],"replies":[{"embeddable":true,"href":"https:\/\/donnobikes.com\/fr\/wp-json\/wp\/v2\/comments?post=96130"}],"wp:featuredmedia":[{"embeddable":true,"href":"https:\/\/donnobikes.com\/fr\/wp-json\/wp\/v2\/media\/96134"}],"wp:attachment":[{"href":"https:\/\/donnobikes.com\/fr\/wp-json\/wp\/v2\/media?parent=96130"}],"wp:term":[{"taxonomy":"product_brand","embeddable":true,"href":"https:\/\/donnobikes.com\/fr\/wp-json\/wp\/v2\/product_brand?post=96130"},{"taxonomy":"product_cat","embeddable":true,"href":"https:\/\/donnobikes.com\/fr\/wp-json\/wp\/v2\/product_cat?post=96130"},{"taxonomy":"product_tag","embeddable":true,"href":"https:\/\/donnobikes.com\/fr\/wp-json\/wp\/v2\/product_tag?post=96130"}],"curies":[{"name":"wp","href":"https:\/\/api.w.org\/{rel}","templated":true}]}}