{"id":96257,"date":"2024-11-04T10:06:08","date_gmt":"2024-11-04T09:06:08","guid":{"rendered":"https:\/\/donnobikes.com\/?post_type=product&#038;p=96257"},"modified":"2026-02-27T10:19:55","modified_gmt":"2026-02-27T09:19:55","slug":"yuba-kombi-donno-bikes-edition-et-light-single-scout","status":"publish","type":"product","link":"https:\/\/donnobikes.com\/fr\/produit\/yuba-kombi-donno-bikes-edition-et-light-single-scout\/","title":{"rendered":"Yuba Kombi Donno Bikes Edition e-Light Single Scout"},"content":{"rendered":"<p>Le Yuba Kombi e-Light Edition est l'option la plus pratique pour entrer dans le monde fantastique des v\u00e9los cargo \u00e0 p\u00e9dalage assist\u00e9. Compact et maniable, il prend la m\u00eame place qu'un v\u00e9lo conventionnel, mais gr\u00e2ce \u00e0 son puissant moteur, vous pouvez d\u00e9cider de l'effort que vous consacrez au p\u00e9dalage, ce qui est \u00e9galement b\u00e9n\u00e9fique pour votre forme physique. Et ce n'est pas tout !<\/p>\n<p><strong>Ce v\u00e9lo offre bien plus<\/strong>. Transportez tout ce dont vous avez besoin, en toute s\u00e9curit\u00e9 et confort. Dans cette configuration, le Yuba Kombi e-Light Edition Scout est \u00e9quip\u00e9 d'un mini-panier \u00e0 l'avant, d'un coussin souple pour le confort du passager et d'une poign\u00e9e pour une prise en main s\u00fbre. Cette combinaison de caract\u00e9ristiques ouvre de nouvelles possibilit\u00e9s pour votre famille : les randonn\u00e9es, les courses, ou le trajet vers et depuis l'\u00e9cole deviennent des exp\u00e9riences agr\u00e9ables, sans avoir besoin d'une voiture !<\/p>\n<p>La polyvalence du Yuba Kombi e-Light Edition Scout vous permet d'installer facilement deux si\u00e8ges enfants sur le porte-b\u00e9b\u00e9 et, lorsque les enfants grandissent, vous pouvez adapter les accessoires pour continuer \u00e0 l'utiliser. Entre-temps, vous aurez \u00e9galement assez d'espace pour transporter vos courses de la semaine<\/p>","protected":false},"excerpt":{"rendered":"<p>Moteur Bafang 250W - Couleur Bleu<\/p>","protected":false},"featured_media":96258,"comment_status":"open","ping_status":"closed","template":"","meta":[],"product_brand":[],"product_cat":[621,622,623,33,624,626,594,523,609,21,619],"product_tag":[18,36],"class_list":{"0":"post-96257","1":"product","2":"type-product","3":"status-publish","4":"has-post-thumbnail","6":"product_cat-bici-da-carico","7":"product_cat-bici-da-trasporto","8":"product_cat-bici-per-trasporto-bambini","9":"product_cat-biciclette","10":"product_cat-cargo-bike","11":"product_cat-cargo-bike-elettrica","12":"product_cat-catalogo","13":"product_cat-compact-cargo","14":"product_cat-occasione-esclusiva","15":"product_cat-yuba","16":"product_cat-yuba-kombi","17":"product_tag-cargo-bike","18":"product_tag-e-bike","19":"product_shipping_class-bicicletta","21":"first","22":"instock","23":"sale","24":"shipping-taxable","25":"purchasable","26":"product-type-simple"},"gallery_images":[],"meta_box":{"short_name":"","marketing_name":"Yuba Kombi e-Light Edition Scout","motore_for_biciclette":["89115"],"biciclette_id":"90415","consegna":"Maggio 2026","configurator":[],"single_page_group":{"video_group":[{"link_video":"https:\/\/www.youtube.com\/watch?v=1k5mXP5ylc8&ab_channel=DonnoBikes","title":"Le break \u00e9lectrique \u00e0 deux roues \u00e0 prix mini !","preview":"93974"},{"link_video":"https:\/\/www.youtube.com\/watch?v=hQRKYZl5WZE&ab_channel=DonnoBikes","title":"Yuba Kombi, le v\u00e9lo \u00e9lectrique abordable pour le transport des enfants","preview":"93975"},{"link_video":"https:\/\/www.youtube.com\/watch?v=UuivzUbARFI","title":"De nombreuses fa\u00e7ons d'utiliser Kombi","preview":"90935"},{"link_video":"https:\/\/www.youtube.com\/watch?v=lB2XQQ1PsFU","title":"Le v\u00e9lo cargo bon march\u00e9 est un v\u00e9ritable break \u00e0 deux roues !","preview":"90933"},{"link_video":"https:\/\/www.youtube.com\/watch?v=HCOoC-LVNeU&t=2s","title":"Comment assembler le Kombi","preview":"90934"},{"link_video":"https:\/\/www.youtube.com\/watch?v=gg2c2QvVQN4&t=5s","title":"Z\u00e9ro \u00e9mission pour l'environnement","preview":"90936"}],"galleria_fotografica":{"image":["90937","90938","90939","90940","90941","90942","90943","90944","90945"],"galleria_banner":["94674","96696","91366","94825","91365","91367","91368","95015","90948","90949","91000","90988"]},"versatilita":{"title":"YUBA KOMBI BAFANG. NOUVELLE G\u00c9N\u00c9RATION DE V\u00c9LOS \u00c9LECTRIQUES U-TILITY.","desc":"Yuba Kombi Bafang combina qualit\u00e0 e un prezzo conveniente, a versatilit\u00e0 e comfort con ottime prestazioni. Yuba ha racchiuso in questa cargo bike le caratteristiche pi\u00f9 importanti dei modelli cargo pi\u00f9 grandi, trovando un equilibrio tra robustezza, potenza, stabilit\u00e0 e facilit\u00e0 di guida. La sua vastissima gamma di accessori la rende perfetta per la vita in citt\u00e0, permettendo di equipaggiarla secondo le personali necessit\u00e0.","versatilita_group":[{"image":"91370","title":"Kombi Agile","desc":"Senza accessori sembra una normale e-bike ma si differenzia per grande agilit\u00e0 di guida, potenzialit\u00e0 di carico e la possibilit\u00e0 di parcheggio verticale."},{"image":"91369","title":"Kombi Shopper","desc":"Portapacchi da 70cm a cui agganciare enormi borse laterali e una borsa spesa nel cesto anteriore la rendono una sostituta ideale all'automobile."},{"image":"91376","title":"Kombi Kids","desc":"Compatible con Yepp, Qibbel e la maggior parte dei seggiolini disponibili sul mercato. La cargo bike \u00e8 progettata per portare due bambini in sicurezza."},{"image":"91373","title":"Kombi Junior+","desc":"Porta un bambino su un seggiolino e un secondo pi\u00f9 grande sul retro. Le aste di sicurezza sono facoltative ma assolutamente raccomandate."},{"image":"91375","title":"Kombi Daytrip","desc":"Porta un bambino sul seggiolino e due borse laterali. Con l'aggiunta del cesto anteriore, la capacit\u00e0 di carico \u00e8 molto considerevole."},{"image":"91372","title":"Kombi Funride","desc":"Porta in sicurezza due bambini pi\u00f9 grandi. Le barre delle aste di sicurezza sono disegnate per sostenere, proteggere ma anche far divertire i tuoi figli."},{"image":"91371","title":"Kombi Duo","desc":"Trasporta uno o due passeggeri adulti. Le sponde laterali e le maniglie tra cui scegliere garantiscono comfort e appiglio sicuro durante la corsa."},{"image":"91374","title":"Kombi All Weather","desc":"Usa la cargo bike in qualunque condizione atmosferica, proteggendo il tuo carico. I tuoi passeggeri avranno sempre una vista panoramica."}]},"edition":"2","charakteristicks":{"list":[{"text1":"Yuba Kombi ha","text2":"5,0x","text3":"di durata","text4":"rispetto a una bici tradizionale"},{"text1":"Yuba Kombi \u00e8 fino a","text2":"1,5x","text3":"pi\u00f9 leggera","text4":"rispetto al 90% delle cargo bike"},{"text1":"Yuba Kombi \u00e8","text2":"2,0x","text3":"pi\u00f9 potente","text4":"rispetto alle altre cargo bike"}]},"vantaggi":[{"title":"Grande capacit\u00e9 de charge","desc":"Trasporta bambini, spesa o carichi pesanti fino a 200 kg.","icon":"96774"},{"title":"Dimensions compactes","desc":"Lunga solo 1,90 m, si parcheggia anche in verticale.","icon":"96771"},{"title":"Un moteur interm\u00e9diaire fiable","desc":"Bafang silenzioso e potente, perfetto per l\u2019uso quotidiano.","icon":"96773"},{"title":"Cadre robuste et stable","desc":"Struttura in acciaio CrMo: resistente, confortevole e fatta per durare.","icon":"96772"}],"banner_think":"97623","banner_think_mobile":"97624","title_hero":"Yuba Kombi Donno Bikes Edition","pretitle_hero":"La pi\u00f9 venduta nel 2025\/26","paga":"Tua a partire da 96\u20ac al mese","configuration":{"title":"Pour votre confort. Configurations pr\u00eates \u00e0 l'emploi","post":["94993","96434","96411","96328","96327","96326","96319","96259","96255","91362"]}},"catalog_group":{"quote":"Dispondibile anche in giallo","text":" La cargo e-bike pi\u00f9 accessibile e completa, un vero best-seller che ha conquistato sia l'America che l'Europa!","vuoi":"Una cargo e-bike che adorerai non solo per il prezzo, ma anche perch\u00e9 \u00e8 l'unica nella sua fascia economica a combinare tutte le migliori caratteristiche delle cargo bike di grandi dimensioni senza compromessi. Potente, con un'elevata capacit\u00e0 di carico e straordinariamente versatile grazie alla vasta gamma di accessori disponibili."}},"_links":{"self":[{"href":"https:\/\/donnobikes.com\/fr\/wp-json\/wp\/v2\/product\/96257","targetHints":{"allow":["GET"]}}],"collection":[{"href":"https:\/\/donnobikes.com\/fr\/wp-json\/wp\/v2\/product"}],"about":[{"href":"https:\/\/donnobikes.com\/fr\/wp-json\/wp\/v2\/types\/product"}],"replies":[{"embeddable":true,"href":"https:\/\/donnobikes.com\/fr\/wp-json\/wp\/v2\/comments?post=96257"}],"wp:featuredmedia":[{"embeddable":true,"href":"https:\/\/donnobikes.com\/fr\/wp-json\/wp\/v2\/media\/96258"}],"wp:attachment":[{"href":"https:\/\/donnobikes.com\/fr\/wp-json\/wp\/v2\/media?parent=96257"}],"wp:term":[{"taxonomy":"product_brand","embeddable":true,"href":"https:\/\/donnobikes.com\/fr\/wp-json\/wp\/v2\/product_brand?post=96257"},{"taxonomy":"product_cat","embeddable":true,"href":"https:\/\/donnobikes.com\/fr\/wp-json\/wp\/v2\/product_cat?post=96257"},{"taxonomy":"product_tag","embeddable":true,"href":"https:\/\/donnobikes.com\/fr\/wp-json\/wp\/v2\/product_tag?post=96257"}],"curies":[{"name":"wp","href":"https:\/\/api.w.org\/{rel}","templated":true}]}}