{"id":96317,"date":"2024-11-08T22:48:28","date_gmt":"2024-11-08T21:48:28","guid":{"rendered":"https:\/\/donnobikes.com\/?post_type=product&#038;p=96317"},"modified":"2025-08-04T09:28:24","modified_gmt":"2025-08-04T07:28:24","slug":"la-puissance-du-velo-4","status":"publish","type":"product","link":"https:\/\/donnobikes.com\/fr\/produit\/la-puissance-du-velo-4\/","title":{"rendered":"iO InBicy Power Comfort Duo Scout"},"content":{"rendered":"<h3>Con\u00e7u pour vous faciliter la vie<\/h3>\n<p>iO InBicy Power est un v\u00e9lo cargo \u00e9lectrique con\u00e7u pour vous offrir une puissance et des performances sup\u00e9rieures \u00e0 celles d'un v\u00e9lo \u00e9lectrique normal.<\/p>\n<p><strong>La polyvalence au premier plan.<\/strong> Le syst\u00e8me unique et brevet\u00e9 Flash Switch\u00ae permet d'attacher et de d\u00e9tacher le rack et le panier en un instant. Il suffit de quelques mouvements de la main, sans outils. Vous pouvez d\u00e9monter et remonter des barres de toit enti\u00e8rement \u00e9quip\u00e9es avec des si\u00e8ges, des si\u00e8ges et des sacs. Transporter les courses, emmener les enfants \u00e0 l'\u00e9cole et apr\u00e8s l'\u00e9cole, aller au travail ou \u00e0 la salle de sport, chaque trajet n\u00e9cessite un \u00e9quipement diff\u00e9rent. Le changer plusieurs fois au cours de la journ\u00e9e avec iO InBicy Power ne prend que quelques secondes.<\/p>\n<p class=\"textgame\">Inbicy Power n'est pas seulement un <strong>bicyclette<\/strong>Il s'agit d'un exemple de la mani\u00e8re dont les <strong>Nous apportons <\/strong> technologie et conception d'avant-garde <i>modulaire<\/i>r\u00e9volutionner le concept de mobilit\u00e9<\/p>\n<p><strong>Conception gagnante. <\/strong>Le design du cadre et les d\u00e9tails de la bicyclette, fabriqu\u00e9e en Italie, ont s\u00e9duit le jury international du prestigieux Red Dot Design Award 2023, lui assurant une place au mus\u00e9e du design d'Essen, en Allemagne.<\/p>","protected":false},"excerpt":{"rendered":"<p>Moteur Bafang 250W - Couleur Italian Sun<\/p>","protected":false},"featured_media":96299,"comment_status":"open","ping_status":"closed","template":"","meta":[],"product_brand":[],"product_cat":[621,622,623,33,624,626,136,629],"product_tag":[36],"class_list":{"0":"post-96317","1":"product","2":"type-product","3":"status-publish","4":"has-post-thumbnail","6":"product_cat-bici-da-carico","7":"product_cat-bici-da-trasporto","8":"product_cat-bici-per-trasporto-bambini","9":"product_cat-biciclette","10":"product_cat-cargo-bike","11":"product_cat-cargo-bike-elettrica","12":"product_cat-inbicy","13":"product_cat-io-inbicy","14":"product_tag-e-bike","15":"product_shipping_class-bicicletta","17":"first","18":"instock","19":"sale","20":"shipping-taxable","21":"purchasable","22":"product-type-simple"},"gallery_images":[],"meta_box":{"short_name":"","marketing_name":"iO InBicy Power","motore_for_biciclette":["89115","89374","89377"],"biciclette_id":"89129","consegna":"","configurator":[],"single_page_group":{"video_group":[{"link_video":"https:\/\/www.youtube.com\/watch?v=0r-hapSFOP0","title":"iO InBicy, laur\u00e9at du Red Dot Design Award 2023","preheader":"La e-bike cargo pi\u00f9 potente e versatile del 2023 premiata per il suo design","preview":"90564"},{"link_video":"https:\/\/www.youtube.com\/watch?v=qCziv25mKGQ&list=PLy81_ZTJG-sA6ptaBFdj8A_BNJqMsEkJu&index=3","title":"Mode de vie avec iO InBicy","preheader":"Presentazione della pi\u00f9 innovativa cargo e-bike italiana","preview":"90565"},{"link_video":"https:\/\/www.youtube.com\/watch?v=a2tYwVSFKrI&list=PLy81_ZTJG-sA6ptaBFdj8A_BNJqMsEkJu&index=2","title":"Introduction \u00e0 la fonctionnalit\u00e9","preheader":"Dettagli e accessori con sistema brevettato Flash Switch","preview":"90566"},{"link_video":"https:\/\/www.youtube.com\/watch?v=_f0XE8P0GEM&list=PLy81_ZTJG-sA6ptaBFdj8A_BNJqMsEkJu&index=3","title":"Pr\u00e9sentation des prototypes","preheader":"Panoramica della bici cargo nata per la famiglia","preview":"90567"},{"link_video":"https:\/\/www.youtube.com\/watch?v=XPRk6UG6v20","title":"Retour \u00e0 l'\u00e9cole avec IO InBicy","preview":"94112"},{"link_video":"https:\/\/www.youtube.com\/watch?v=TwtrpMbiF2U&ab_channel=DonnoBikes","title":"Explorez le monde passionnant des v\u00e9los \u00e9lectriques multifonctionnels avec IO InBicy !","preview":"94113"}],"galleria_fotografica":{"image":["90544","90545","90546","90547","90548","90549","90550","90551","90552"],"galleria_banner":["90537","90538","90539","90540","95698","95152","94913","94910","94787","94729","94724","94696","93857"]},"versatilita":{"title":"iO INBICY POWER. NOUVELLE G\u00c9N\u00c9RATION DE V\u00c9LOS UTILITAIRES.","desc":"iO InBicy Power \u00e8 molte bici in una. Combina versatilit\u00e0 e comfort con prestazioni straordinarie. Ha eccellenti capacit\u00e0 di carico con una manovrabilit\u00e0 sorprendente. La sua facilit\u00e0 d\u2019uso ti sorprender\u00e0. L'equilibrio perfetto tra estetica, stabilit\u00e0 e agilit\u00e0 di guida a pieno carico la rende l\u2019unica bici che serve in citt\u00e0, in periferia e in contesti pi\u00f9 rurali.  \u00c8 compatibile con un'ampia gamma di accessori ed \u00e8 in grado di trasportare un carico triplo rispetto ad una normale bicicletta. ","versatilita_group":[{"image":"90568","title":"iO Essenziale","desc":"Senza accessori \u00e8 una e-bike che nasconde una ultraleggera, perfetta anche off road e su terreni accidentati. Affrontare le salite \u00e8 un gioco da ragazzi."},{"image":"90569","title":"iO Cargo Urbano","desc":"Portapacchi da 70cm a cui agganciare grandi borse laterali e il maxi cesto anteriore rendono la bici perfetta per tutti i giorni."},{"image":"90570","title":"iO Famiglia Light","desc":"Compatible con Yepp, Qibbel e la maggior parte dei seggiolini disponibili sul mercato. Le aste di sicurezza sono facoltative ma altamente raccomandate."},{"image":"90571","title":"iO Passeggero","desc":"Trasporta un passeggero adulto (90kg max) con il portapacchi posteriore da 56cm. I poggiapiedi garantiscono comfort durante la corsa."},{"image":"90572","title":"iO Duo Bimbi","desc":"Porta un bambino su un seggiolino e un secondo pi\u00f9 piccolo sul retro. A differenza delle normali bici, \u00e8 disegnata per portare il carico in sicurezza."},{"image":"90573","title":"iO Duo Sicuro","desc":"Raddoppia con due bambini piccoli nei seggiolini. Le aste di sicurezza riducono il rischio di caduta e di impatto sui bambini, fornendo appoggio."},{"image":"90575","title":"iO Junior","desc":"Porta in sicurezza due bambini pi\u00f9 grandi. Le barre del portapacchi sono disegnate per proteggere le gambe e gli abiti dei passeggeri dai raggi della ruota."},{"image":"90576","title":"iO Carico Sicuro","desc":"Alloggia pacchi fino a 60x40cm tra le aste, in alternativa alle cinghie di fissaggio. Il grande cesto anteriore porta altri pacchi fino a 38x38cm."}]},"edition":"2","video_single":["96102"],"prevideo":{"title":"L'innovation sur deux roues","logo":"96767"},"charakteristicks":{"list":[{"text1":"iO InBicy Power ha","text2":"5,0x","text3":"di durata","text4":"rispetto a una bici tradizionale"},{"text1":"iO InBicy Power \u00e8 fino a","text2":"1,5x","text3":"pi\u00f9 leggera","text4":"rispetto al 90% delle cargo bike"},{"text1":"iO InBicy Power \u00e8 fino a","text2":"2,0x","text3":"pi\u00f9 potente","text4":"rispetto alle altre cargo bike"}]},"vantaggi":[{"title":"Qualit\u00e9 sup\u00e9rieure","desc":"Prodotta in Italia con componenti di alta gamma, fatta per durare nel tempo.\r\n","icon":"96771"},{"title":"Id\u00e9al pour les familles","desc":"Trasporta fino a 3 bambini in modo comodo e sicuro.\r\n","icon":"96774"},{"title":"Moteur puissant","desc":"Assistenza elettrica fino a 120 Nm, perfetta per la citt\u00e0 e le salite.","icon":"96773"},{"title":"Antivol avec GPS","desc":"Massima sicurezza della tua cargo bike, con localizzazione GPS.","icon":"96772"}],"configuration":{"title":"Pour votre confort. Configurations pr\u00eates \u00e0 l'emploi","post":["96318","96316","96303","94263","88429"]}},"catalog_group":{"quote":"2 COLORI \/ 2 VARIANTI","text":"La cargo bike elettrica che ti far\u00e0 cambiare idea sulle cargo bike! Una vera regina della versatilit\u00e0.","vuoi":"Una e-bike cargo dalle dimensioni di una normale bicicletta che ti semplifichi la vita quotidiana. Con un sistema brevettato per il cambio immediato di configurazione. Potente senza sacrificare la straordinaria portata. Facile e divertente da guidare, con o senza carico. E bella da morire!"}},"_links":{"self":[{"href":"https:\/\/donnobikes.com\/fr\/wp-json\/wp\/v2\/product\/96317","targetHints":{"allow":["GET"]}}],"collection":[{"href":"https:\/\/donnobikes.com\/fr\/wp-json\/wp\/v2\/product"}],"about":[{"href":"https:\/\/donnobikes.com\/fr\/wp-json\/wp\/v2\/types\/product"}],"replies":[{"embeddable":true,"href":"https:\/\/donnobikes.com\/fr\/wp-json\/wp\/v2\/comments?post=96317"}],"wp:featuredmedia":[{"embeddable":true,"href":"https:\/\/donnobikes.com\/fr\/wp-json\/wp\/v2\/media\/96299"}],"wp:attachment":[{"href":"https:\/\/donnobikes.com\/fr\/wp-json\/wp\/v2\/media?parent=96317"}],"wp:term":[{"taxonomy":"product_brand","embeddable":true,"href":"https:\/\/donnobikes.com\/fr\/wp-json\/wp\/v2\/product_brand?post=96317"},{"taxonomy":"product_cat","embeddable":true,"href":"https:\/\/donnobikes.com\/fr\/wp-json\/wp\/v2\/product_cat?post=96317"},{"taxonomy":"product_tag","embeddable":true,"href":"https:\/\/donnobikes.com\/fr\/wp-json\/wp\/v2\/product_tag?post=96317"}],"curies":[{"name":"wp","href":"https:\/\/api.w.org\/{rel}","templated":true}]}}