{"id":96470,"date":"2025-01-09T11:57:31","date_gmt":"2025-01-09T10:57:31","guid":{"rendered":"https:\/\/donnobikes.com\/?post_type=product&#038;p=96470"},"modified":"2026-02-09T11:57:16","modified_gmt":"2026-02-09T10:57:16","slug":"de-la-tige-de-selle-au-tube-de-selle","status":"publish","type":"product","link":"https:\/\/donnobikes.com\/fr\/produit\/de-la-tige-de-selle-au-tube-de-selle\/","title":{"rendered":"Tige de selle au tube de selle"},"content":{"rendered":"<p>Avec le si\u00e8ge sur le tube de selle, vous pouvez emmener votre enfant partout avec vous.<br \/>\nLe dossier est en maille, un mat\u00e9riau durable et respirant. Ce mat\u00e9riau est \u00e9galement utilis\u00e9 pour les sacs \u00e0 dos et les chaises de bureau. Le si\u00e8ge est ergonomique et extr\u00eamement l\u00e9ger, puisqu'il ne p\u00e8se que 2,5 kg.<br \/>\nEnfin, il est conforme aux normes de s\u00e9curit\u00e9 europ\u00e9ennes, offre une position assise ergonomique et est facile \u00e0 assembler.<\/p>\n<p>CARACT\u00c9RISTIQUES TECHNIQUES<br \/>\n- Ceinture \u00e0 5 points et repose-pieds r\u00e9glables<br \/>\n- Dos en maille \u00e0 s\u00e9chage rapide<br \/>\n- Complet avec attaches de fixation<br \/>\n- Pr\u00eat pour le cadenas Air Lock<br \/>\n- Fixation de cadre d'un diam\u00e8tre de 22 \u00e0 40 mm<br \/>\n- Capacit\u00e9 de charge jusqu'\u00e0 25 kg<br \/>\n- Approuv\u00e9 selon la norme EN14344<\/p>","protected":false},"excerpt":{"rendered":"<p>Con il seggiolino al tubo sella potete portare il vostro bambino ovunque con voi. Lo schienale \u00e8 realizzato in maglia, un materiale resistente e traspirante. Questo materiale \u00e8 utilizzato anche negli zaini e nelle sedie da ufficio. Il seggiolino \u00e8 ergonomico e leggerissimo, con un peso di soli 2,5 kg. Da ultimo, \u00e8 conforme agli [&hellip;]<\/p>\n","protected":false},"featured_media":96471,"comment_status":"open","ping_status":"closed","template":"","meta":[],"product_brand":[],"product_cat":[522,653,641,640,639,601,651],"product_tag":[],"class_list":{"0":"post-96470","1":"product","2":"type-product","3":"status-publish","4":"has-post-thumbnail","6":"product_cat-accessori","7":"product_cat-carico-anteriore-e-sedute-taga","8":"product_cat-inbicy-flashswitch-seduta-e-carico-posteriore-2","9":"product_cat-inbicy-supernova-seduta-e-carico-posteriore-2","10":"product_cat-seduta-e-carico-posteriore-2","11":"product_cat-seggiolini-e-sedute","12":"product_cat-yuba-kombi-db-seduta-e-carico-posteriore-2","14":"first","15":"instock","16":"shipping-taxable","17":"purchasable","18":"product-type-simple"},"gallery_images":[],"meta_box":{"short_name":"","marketing_name":"","motore_for_biciclette":[],"biciclette_id":"","consegna":"","configurator":[],"single_page_group":[],"catalog_group":[]},"_links":{"self":[{"href":"https:\/\/donnobikes.com\/fr\/wp-json\/wp\/v2\/product\/96470","targetHints":{"allow":["GET"]}}],"collection":[{"href":"https:\/\/donnobikes.com\/fr\/wp-json\/wp\/v2\/product"}],"about":[{"href":"https:\/\/donnobikes.com\/fr\/wp-json\/wp\/v2\/types\/product"}],"replies":[{"embeddable":true,"href":"https:\/\/donnobikes.com\/fr\/wp-json\/wp\/v2\/comments?post=96470"}],"wp:featuredmedia":[{"embeddable":true,"href":"https:\/\/donnobikes.com\/fr\/wp-json\/wp\/v2\/media\/96471"}],"wp:attachment":[{"href":"https:\/\/donnobikes.com\/fr\/wp-json\/wp\/v2\/media?parent=96470"}],"wp:term":[{"taxonomy":"product_brand","embeddable":true,"href":"https:\/\/donnobikes.com\/fr\/wp-json\/wp\/v2\/product_brand?post=96470"},{"taxonomy":"product_cat","embeddable":true,"href":"https:\/\/donnobikes.com\/fr\/wp-json\/wp\/v2\/product_cat?post=96470"},{"taxonomy":"product_tag","embeddable":true,"href":"https:\/\/donnobikes.com\/fr\/wp-json\/wp\/v2\/product_tag?post=96470"}],"curies":[{"name":"wp","href":"https:\/\/api.w.org\/{rel}","templated":true}]}}