{"id":96509,"date":"2025-01-29T10:23:36","date_gmt":"2025-01-29T09:23:36","guid":{"rendered":"https:\/\/donnobikes.com\/?post_type=product&#038;p=96509"},"modified":"2025-07-22T13:19:23","modified_gmt":"2025-07-22T11:19:23","slug":"puissance-de-base-de-la-famille-taga-2","status":"publish","type":"product","link":"https:\/\/donnobikes.com\/fr\/produit\/puissance-de-base-de-la-famille-taga-2\/","title":{"rendered":"Base musculaire de la famille Taga"},"content":{"rendered":"<h2>TAGA Family Bike est un v\u00e9lo cr\u00e9\u00e9 sp\u00e9cifiquement pour r\u00e9pondre aux besoins des familles.<\/h2>\n<p>La plupart des v\u00e9los cargo ont \u00e9t\u00e9 cr\u00e9\u00e9s pour transporter des marchandises, pas des enfants, et n'ont \u00e9t\u00e9 adapt\u00e9s que plus tard pour transporter des enfants. TAGA a commenc\u00e9 par le commencement et, en trois ans, a d\u00e9velopp\u00e9 pas \u00e0 pas le v\u00e9lo familial le plus confortable, le plus s\u00fbr, le plus facile \u00e0 conduire, le plus pratique et le plus cool qui soit.<\/p>\n<p class=\"textgame\"><strong>Chaque <\/strong> Taga repr\u00e9sente un pas en avant dans l'innovation, un principe que nous avons \u00e9galement appliqu\u00e9 dans le d\u00e9veloppement de nos produits. <i>le v\u00e9lo le plus innovant<\/i>.<\/p>\n<p>Dans le Taga Family Bike, les enfants sont plac\u00e9s <strong>devant vous<\/strong>pour explorer le monde ensemble. Taga Family Bike propose de nombreux accessoires pour personnaliser votre TAGA et l'adapter \u00e0 vos besoins. C'est une nouvelle fa\u00e7on d'\u00eatre actif et de mener un mode de vie durable et sain.<\/p>","protected":false},"excerpt":{"rendered":"<p>TAGA Family Bike \u00e8 una bicicletta creata appositamente per soddisfare le esigenze delle famiglie La maggior parte delle biciclette da carico sono state create per il trasporto del carico, non di bambini e solo successivamente adattate per il trasporto di bambini. TAGA ha iniziato da capo, e in tre anni ha sviluppato passo per passo [&hellip;]<\/p>\n","protected":false},"featured_media":96511,"comment_status":"open","ping_status":"closed","template":"","meta":[],"product_brand":[],"product_cat":[592,621,622,623,33,624,594,48],"product_tag":[],"class_list":{"0":"post-96509","1":"product","2":"type-product","3":"status-publish","4":"has-post-thumbnail","6":"product_cat-biciclette-muscolari","7":"product_cat-bici-da-carico","8":"product_cat-bici-da-trasporto","9":"product_cat-bici-per-trasporto-bambini","10":"product_cat-biciclette","11":"product_cat-cargo-bike","12":"product_cat-catalogo","13":"product_cat-taga","14":"product_shipping_class-bicicletta","16":"first","17":"instock","18":"shipping-taxable","19":"purchasable","20":"product-type-simple"},"gallery_images":[],"meta_box":{"short_name":"","marketing_name":"TAGA FAMILY BASE","motore_for_biciclette":[],"biciclette_id":"96513","consegna":"","configurator":[],"single_page_group":{"video_group":[{"link_video":"https:\/\/www.youtube.com\/watch?v=497lu5kcXhM&ab_channel=TagaBikes","title":"Faire du v\u00e9lo avec des enfants sur le v\u00e9lo Taga","preview":"94323"},{"link_video":"https:\/\/www.youtube.com\/watch?v=rRqE55jgaL8&ab_channel=TagaBikes","title":"Le meilleur v\u00e9lo cargo \u00e9lectrique pliant pour transporter les enfants et faire les courses","preview":"94324"}],"galleria_fotografica":{"galleria_banner":["94341","94333","94332"]},"edition":"0","vantaggi":[{"title":"Une stabilit\u00e9 exceptionnelle","desc":"Con tre ruote mantiene l\u2019equilibrio in tutte le fasi di uso: in movimento, in curva e da fermo","icon":"96862"},{"title":"Parfait pour les b\u00e9b\u00e9s","desc":"Supporta l\u2019installazione di ovetti compatibili e sedili reclinabili, offrendo comfort e sicurezza","icon":"96861"},{"title":"Cadre robuste et durable","desc":"Realizzata in acciaio cromato, offre resistenza e solidit\u00e0, confortevole e fatta per durare.","icon":"96860"},{"title":"Enfants \u00e0 l'avant","desc":"Il cassone anteriore permette ai bambini di sedere di fronte al genitore.","icon":"96863"}]},"catalog_group":{"text":"TAGA Family Bike, la bicicletta n.1 al mondo per il trasporto di bambini!","vuoi":"Una bicicletta muscolare creata appositamente per soddisfare le esigenze delle famiglie. La confortevole, sicura, facile da guidare, pratica e la pi\u00f9 figa bicicletta per la famiglia di sempre."}},"_links":{"self":[{"href":"https:\/\/donnobikes.com\/fr\/wp-json\/wp\/v2\/product\/96509","targetHints":{"allow":["GET"]}}],"collection":[{"href":"https:\/\/donnobikes.com\/fr\/wp-json\/wp\/v2\/product"}],"about":[{"href":"https:\/\/donnobikes.com\/fr\/wp-json\/wp\/v2\/types\/product"}],"replies":[{"embeddable":true,"href":"https:\/\/donnobikes.com\/fr\/wp-json\/wp\/v2\/comments?post=96509"}],"wp:featuredmedia":[{"embeddable":true,"href":"https:\/\/donnobikes.com\/fr\/wp-json\/wp\/v2\/media\/96511"}],"wp:attachment":[{"href":"https:\/\/donnobikes.com\/fr\/wp-json\/wp\/v2\/media?parent=96509"}],"wp:term":[{"taxonomy":"product_brand","embeddable":true,"href":"https:\/\/donnobikes.com\/fr\/wp-json\/wp\/v2\/product_brand?post=96509"},{"taxonomy":"product_cat","embeddable":true,"href":"https:\/\/donnobikes.com\/fr\/wp-json\/wp\/v2\/product_cat?post=96509"},{"taxonomy":"product_tag","embeddable":true,"href":"https:\/\/donnobikes.com\/fr\/wp-json\/wp\/v2\/product_tag?post=96509"}],"curies":[{"name":"wp","href":"https:\/\/api.w.org\/{rel}","templated":true}]}}