{"id":96640,"date":"2025-03-10T11:42:48","date_gmt":"2025-03-10T10:42:48","guid":{"rendered":"https:\/\/donnobikes.com\/?post_type=product&#038;p=96640"},"modified":"2026-02-27T10:14:53","modified_gmt":"2026-02-27T09:14:53","slug":"taga-family-power-3-kids","status":"publish","type":"product","link":"https:\/\/donnobikes.com\/fr\/produit\/taga-family-power-3-kids\/","title":{"rendered":"Taga Family Power 3 Kids"},"content":{"rendered":"<h2>Le v\u00e9lo \u00e9lectrique parfait pour les familles avec trois enfants<\/h2>\n<p>TAGA Family Power 3 Kids est le v\u00e9lo id\u00e9al pour les familles qui souhaitent partager des aventures avec trois enfants. Contrairement aux v\u00e9los cargos conventionnels, d'abord con\u00e7us pour transporter des objets puis adapt\u00e9s aux enfants, TAGA a \u00e9t\u00e9 con\u00e7u d\u00e8s le d\u00e9part pour r\u00e9pondre aux besoins des familles. D\u00e9velopp\u00e9 pendant trois ans, il offre le nec plus ultra en mati\u00e8re de confort, de s\u00e9curit\u00e9, de praticit\u00e9 et de style.<\/p>\n<p>Avec le TAGA Family Power 3 Kids, 2 enfants sont plac\u00e9s devant vous, 1 derri\u00e8re dans le si\u00e8ge, ce qui vous permet d'explorer le monde ensemble d'une mani\u00e8re unique et engageante. Ce mod\u00e8le offre une vari\u00e9t\u00e9 d'accessoires personnalisables pour r\u00e9pondre parfaitement \u00e0 vos besoins sp\u00e9cifiques. TAGA Family Power 2 Kids n'est pas seulement un moyen de transport, mais repr\u00e9sente un nouveau mode de vie actif, promouvant un style de vie durable et sain pour toute la famille.<\/p>","protected":false},"excerpt":{"rendered":"<p>La Bicicletta Elettrica Perfetta per Famiglie con Tre Bambini TAGA Family Power 3 Kids \u00e8 la bicicletta ideale per le famiglie che desiderano condividere avventure con tre bambini. A differenza delle biciclette da carico tradizionali, pensate prima per il trasporto di oggetti e poi adattate per i bambini, TAGA \u00e8 stata concepita fin dall&#8217;inizio per [&hellip;]<\/p>\n","protected":false},"featured_media":96641,"comment_status":"open","ping_status":"closed","template":"","meta":[],"product_brand":[],"product_cat":[594,621,622,623,33,624,626,591,525,630,625],"product_tag":[],"class_list":{"0":"post-96640","1":"product","2":"type-product","3":"status-publish","4":"has-post-thumbnail","6":"product_cat-catalogo","7":"product_cat-bici-da-carico","8":"product_cat-bici-da-trasporto","9":"product_cat-bici-per-trasporto-bambini","10":"product_cat-biciclette","11":"product_cat-cargo-bike","12":"product_cat-cargo-bike-elettrica","13":"product_cat-e-bike","14":"product_cat-front-cargo","15":"product_cat-taga-family","16":"product_cat-tre-route","17":"product_shipping_class-bicicletta","19":"first","20":"instock","21":"shipping-taxable","22":"purchasable","23":"product-type-simple"},"gallery_images":[],"meta_box":{"short_name":"","marketing_name":"TAGA FAMILY 3 KID","motore_for_biciclette":[],"biciclette_id":"94357","consegna":"","configurator":[],"single_page_group":{"video_group":[{"link_video":"https:\/\/www.youtube.com\/watch?v=497lu5kcXhM&ab_channel=TagaBikes","title":"Faire du v\u00e9lo avec des enfants sur le v\u00e9lo Taga","preview":"94323"},{"link_video":"https:\/\/www.youtube.com\/watch?v=rRqE55jgaL8&ab_channel=TagaBikes","title":"Le meilleur v\u00e9lo cargo \u00e9lectrique pliant pour transporter les enfants et faire les courses","preview":"94324"}],"galleria_fotografica":{"galleria_banner":["94341","94326","94333","95675","94352","94349","94347","94338","94337","94336","94335","94330"]},"edition":"2","video_single":["96850"],"prevideo":{"title":"Le meilleur v\u00e9lo cargo \u00e0 trois roues pour la famille"},"charakteristicks":{"list":[{"text1":"Taga Family Bike ha","text2":"4,0x ","text3":"di durata","text4":"rispetto a 85% di altre cargo bike"},{"text1":"Taga Family Bike \u00e8 fino a","text2":"1,5x","text3":"pi\u00f9 leggera","text4":"rispetto al 90% delle cargo bike a tre ruote"},{"text1":"Taga Family Bike \u00e8","text2":"2,0x","text3":"pi\u00f9 potente","text4":"rispetto alle altre cargo bike a 3 ruote"}]},"vantaggi":[{"title":"Une stabilit\u00e9 exceptionnelle","desc":"Con tre ruote mantiene l\u2019equilibrio in tutte le fasi di uso: in movimento, in curva e da fermo","icon":"96862"},{"title":"Parfait pour les b\u00e9b\u00e9s","desc":"Supporta l\u2019installazione di ovetti compatibili e sedili reclinabili, offrendo comfort e sicurezza","icon":"96861"},{"title":"Cadre robuste et durable","desc":"Realizzata in acciaio cromato, offre resistenza e solidit\u00e0, confortevole e fatta per durare.","icon":"96860"},{"title":"Enfants \u00e0 l'avant","desc":"Il cassone anteriore permette ai bambini di sedere di fronte al genitore.","icon":"96863"}],"banner_think":"97625","banner_think_mobile":"97626","title_hero":"Taga Family Bike","pretitle_hero":"Il triciclo pi\u00f9 famoso al mondo","paga":"Tuo a partire da 114\u20ac al mese","configuration":{"title":"Pour votre confort. Configurations pr\u00eates \u00e0 l'emploi","post":["94377","94375","94369","94371","94367","94321"]}},"catalog_group":{"text":"Pensata per portare con facilit\u00e0 due bambini, unisce sicurezza, comfort e stile","vuoi":"Una bicicletta elettrica progettata per le famiglie. Offre un comfort impareggiabile, sicurezza garantita e una guida intuitiva. \u00c8 la soluzione ideale per le famiglie che cercano una bici pratica, sicura e incredibilmente cool.\""}},"_links":{"self":[{"href":"https:\/\/donnobikes.com\/fr\/wp-json\/wp\/v2\/product\/96640","targetHints":{"allow":["GET"]}}],"collection":[{"href":"https:\/\/donnobikes.com\/fr\/wp-json\/wp\/v2\/product"}],"about":[{"href":"https:\/\/donnobikes.com\/fr\/wp-json\/wp\/v2\/types\/product"}],"replies":[{"embeddable":true,"href":"https:\/\/donnobikes.com\/fr\/wp-json\/wp\/v2\/comments?post=96640"}],"wp:featuredmedia":[{"embeddable":true,"href":"https:\/\/donnobikes.com\/fr\/wp-json\/wp\/v2\/media\/96641"}],"wp:attachment":[{"href":"https:\/\/donnobikes.com\/fr\/wp-json\/wp\/v2\/media?parent=96640"}],"wp:term":[{"taxonomy":"product_brand","embeddable":true,"href":"https:\/\/donnobikes.com\/fr\/wp-json\/wp\/v2\/product_brand?post=96640"},{"taxonomy":"product_cat","embeddable":true,"href":"https:\/\/donnobikes.com\/fr\/wp-json\/wp\/v2\/product_cat?post=96640"},{"taxonomy":"product_tag","embeddable":true,"href":"https:\/\/donnobikes.com\/fr\/wp-json\/wp\/v2\/product_tag?post=96640"}],"curies":[{"name":"wp","href":"https:\/\/api.w.org\/{rel}","templated":true}]}}