{"id":96782,"date":"2025-06-14T09:50:52","date_gmt":"2025-06-14T07:50:52","guid":{"rendered":"https:\/\/donnobikes.com\/?post_type=product&#038;p=96782"},"modified":"2025-12-24T08:54:59","modified_gmt":"2025-12-24T07:54:59","slug":"je-precommande-la-puissance-de-la-bicyclette","status":"publish","type":"product","link":"https:\/\/donnobikes.com\/fr\/produit\/je-precommande-la-puissance-de-la-bicyclette\/","title":{"rendered":"iO InBicy Power Pr\u00e9-commande"},"content":{"rendered":"<h3 data-start=\"181\" data-end=\"225\"><strong data-start=\"181\" data-end=\"225\">Con\u00e7ue pour simplifier votre quotidien | Livraison en hiver 2025<\/strong><\/h3>\n<p data-start=\"227\" data-end=\"361\">iO InBicy Power est un v\u00e9lo cargo \u00e9lectrique con\u00e7u pour vous offrir plus de puissance et de performance qu'un v\u00e9lo \u00e9lectrique conventionnel.<\/p>\n<p data-start=\"363\" data-end=\"873\">Polyvalence maximale. Le syst\u00e8me innovant et brevet\u00e9 Flash Switch\u00ae vous permet d'attacher ou de d\u00e9tacher les porte-bagages et les paniers en quelques secondes. Il suffit de le faire rapidement et facilement, sans utiliser d'outils. Vous pouvez d\u00e9monter et remonter les accessoires d\u00e9j\u00e0 \u00e9quip\u00e9s de si\u00e8ges, de banquettes ou de sacs. Faire les courses, d\u00e9poser les enfants \u00e0 l'\u00e9cole ou se rendre au travail et \u00e0 la salle de sport - chaque trajet n\u00e9cessite une configuration diff\u00e9rente. Avec iO InBicy Power, passer d'une fonction \u00e0 l'autre ne prend que quelques secondes.<\/p>\n<p data-start=\"875\" data-end=\"1039\">InBicy Power est plus qu'un simple v\u00e9lo : c'est un symbole de l'\u00e9volution technologique et de la conception modulaire qui changent la fa\u00e7on dont nous vivons la mobilit\u00e9.<\/p>\n<p data-start=\"1041\" data-end=\"1294\">Un design prim\u00e9. Le cadre et tous les d\u00e9tails de ce v\u00e9lo, enti\u00e8rement con\u00e7u et fabriqu\u00e9 en Italie, ont s\u00e9duit le jury international du Red Dot Design Award 2023, obtenant une place d'honneur au mus\u00e9e du design d'Essen, en Allemagne.<\/p>","protected":false},"excerpt":{"rendered":"<p>Moteur Bafang 250W - Couleur Italian Sun<\/p>","protected":false},"featured_media":93872,"comment_status":"open","ping_status":"closed","template":"","meta":[],"product_brand":[],"product_cat":[621,622,623,33,624,626,594,136,628],"product_tag":[36],"class_list":{"0":"post-96782","1":"product","2":"type-product","3":"status-publish","4":"has-post-thumbnail","6":"product_cat-bici-da-carico","7":"product_cat-bici-da-trasporto","8":"product_cat-bici-per-trasporto-bambini","9":"product_cat-biciclette","10":"product_cat-cargo-bike","11":"product_cat-cargo-bike-elettrica","12":"product_cat-catalogo","13":"product_cat-inbicy","14":"product_cat-pre-ordine","15":"product_tag-e-bike","16":"product_shipping_class-bicicletta","18":"first","19":"instock","20":"sale","21":"shipping-taxable","22":"purchasable","23":"product-type-simple"},"gallery_images":[93287,93290,93288,93286],"meta_box":{"short_name":"","marketing_name":"iO InBicy","motore_for_biciclette":[],"biciclette_id":"96781","consegna":"Febbraio 2026","configurator":[],"single_page_group":{"video_group":[{"link_video":"https:\/\/www.youtube.com\/watch?v=0r-hapSFOP0","title":"iO InBicy, laur\u00e9at du Red Dot Design Award 2023","preheader":"La e-bike cargo pi\u00f9 potente e versatile del 2023 premiata per il suo design","preview":"90564"},{"link_video":"https:\/\/www.youtube.com\/watch?v=qCziv25mKGQ&list=PLy81_ZTJG-sA6ptaBFdj8A_BNJqMsEkJu&index=3","title":"Mode de vie avec iO InBicy","preheader":"Presentazione della pi\u00f9 innovativa cargo e-bike italiana","preview":"90565"},{"link_video":"https:\/\/www.youtube.com\/watch?v=a2tYwVSFKrI&list=PLy81_ZTJG-sA6ptaBFdj8A_BNJqMsEkJu&index=2","title":"Introduction \u00e0 la fonctionnalit\u00e9","preheader":"Dettagli e accessori con sistema brevettato Flash Switch","preview":"90566"},{"link_video":"https:\/\/www.youtube.com\/watch?v=XPRk6UG6v20","title":"Retour \u00e0 l'\u00e9cole avec IO InBicy","preview":"94112"},{"link_video":"https:\/\/www.youtube.com\/watch?v=TwtrpMbiF2U&ab_channel=DonnoBikes","title":"Explorez le monde passionnant des v\u00e9los \u00e9lectriques multifonctionnels avec IO InBicy !","preview":"94113"}],"galleria_fotografica":{"image":["90544","90545","90546","90547","90548","90549","90550","90551","90552"],"galleria_banner":["90522","90538","94910","94696","90539","90540","94787","94729","94724","94694","95698","94913","94706"]},"versatilita":{"title":"iO INBICY POWER. NOUVELLE G\u00c9N\u00c9RATION DE V\u00c9LOS UTILITAIRES.","desc":"iO InBicy Power \u00e8 molte bici in una. Combina versatilit\u00e0 e comfort con prestazioni straordinarie. Ha eccellenti capacit\u00e0 di carico con una manovrabilit\u00e0 sorprendente. La sua facilit\u00e0 d\u2019uso ti sorprender\u00e0. L'equilibrio perfetto tra estetica, stabilit\u00e0 e agilit\u00e0 di guida a pieno carico la rende l\u2019unica bici che serve in citt\u00e0, in periferia e in contesti pi\u00f9 rurali.  \u00c8 compatibile con un'ampia gamma di accessori ed \u00e8 in grado di trasportare un carico triplo rispetto ad una normale bicicletta. ","versatilita_group":[{"image":"90568","title":"iO Essenziale","desc":"Senza accessori \u00e8 una e-bike che nasconde una ultraleggera, perfetta anche off road e su terreni accidentati. Affrontare le salite \u00e8 un gioco da ragazzi."},{"image":"90569","title":"iO Cargo Urbano","desc":"Portapacchi da 70cm a cui agganciare grandi borse laterali e il maxi cesto anteriore rendono la bici perfetta per tutti i giorni."},{"image":"90570","title":"iO Famiglia Light","desc":"Compatible con Yepp, Qibbel e la maggior parte dei seggiolini disponibili sul mercato. Le aste di sicurezza sono facoltative ma altamente raccomandate."},{"image":"90571","title":"iO Passeggero","desc":"Trasporta un passeggero adulto (90kg max) con il portapacchi posteriore da 56cm. I poggiapiedi garantiscono comfort durante la corsa."},{"image":"90572","title":"iO Duo Bimbi","desc":"Porta un bambino su un seggiolino e un secondo pi\u00f9 piccolo sul retro. A differenza delle normali bici, \u00e8 disegnata per portare il carico in sicurezza."},{"image":"90573","title":"iO Duo Sicuro","desc":"Raddoppia con due bambini piccoli nei seggiolini. Le aste di sicurezza riducono il rischio di caduta e di impatto sui bambini, fornendo appoggio."},{"image":"90575","title":"iO Junior","desc":"Porta in sicurezza due bambini pi\u00f9 grandi. Le barre del portapacchi sono disegnate per proteggere le gambe e gli abiti dei passeggeri dai raggi della ruota."},{"image":"90576","title":"iO Carico Sicuro","desc":"Alloggia pacchi fino a 60x40cm tra le aste, in alternativa alle cinghie di fissaggio. Il grande cesto anteriore porta altri pacchi fino a 38x38cm."}]},"edition":"2","video_single":["96102"],"prevideo":{"title":"L'innovation sur deux roues","logo":"96767"},"charakteristicks":{"list":[{"text1":"iO InBicy Power ha","text2":"5,0x","text3":"di durata","text4":"rispetto a una bici tradizionale"},{"text1":"iO InBicy Power \u00e8 fino a","text2":"1,5x","text3":"pi\u00f9 leggera","text4":"rispetto al 90% delle cargo bike"},{"text1":"iO InBicy Power \u00e8 fino a","text2":"2,0x","text3":"pi\u00f9 potente","text4":"rispetto alle altre cargo bike"}]},"vantaggi":[{"title":"Qualit\u00e9 sup\u00e9rieure","desc":"Prodotta in Italia con componenti di alta gamma, fatta per durare nel tempo.","icon":"96771"},{"title":"Id\u00e9al pour les familles","desc":"Trasporta fino a 3 bambini in modo comodo e sicuro.","icon":"96774"},{"title":"Moteur puissant","desc":"Assistenza elettrica fino a 120 Nm, perfetta per la citt\u00e0 e le salite.","icon":"96773"},{"title":"Antivol avec GPS","desc":"Massima sicurezza della tua cargo bike, con localizzazione GPS.","icon":"96772"}],"banner_think":"96775","configuration":{"title":"Pour votre confort. Configurations pr\u00eates \u00e0 l'emploi","post":["96782","96798","96801","96805","96809","96813"]}},"catalog_group":{"quote":"2 COLORI \/ 2 VARIANTI","text":"La cargo bike elettrica che ti far\u00e0 cambiare idea sulle cargo bike! Una vera regina della versatilit\u00e0.","vuoi":"Una e-bike cargo dalle dimensioni di una normale bicicletta che ti semplifichi la vita quotidiana. Con un sistema brevettato per il cambio immediato di configurazione. Potente senza sacrificare la straordinaria portata. Facile e divertente da guidare, con o senza carico. E bella da morire!"}},"_links":{"self":[{"href":"https:\/\/donnobikes.com\/fr\/wp-json\/wp\/v2\/product\/96782","targetHints":{"allow":["GET"]}}],"collection":[{"href":"https:\/\/donnobikes.com\/fr\/wp-json\/wp\/v2\/product"}],"about":[{"href":"https:\/\/donnobikes.com\/fr\/wp-json\/wp\/v2\/types\/product"}],"replies":[{"embeddable":true,"href":"https:\/\/donnobikes.com\/fr\/wp-json\/wp\/v2\/comments?post=96782"}],"wp:featuredmedia":[{"embeddable":true,"href":"https:\/\/donnobikes.com\/fr\/wp-json\/wp\/v2\/media\/93872"}],"wp:attachment":[{"href":"https:\/\/donnobikes.com\/fr\/wp-json\/wp\/v2\/media?parent=96782"}],"wp:term":[{"taxonomy":"product_brand","embeddable":true,"href":"https:\/\/donnobikes.com\/fr\/wp-json\/wp\/v2\/product_brand?post=96782"},{"taxonomy":"product_cat","embeddable":true,"href":"https:\/\/donnobikes.com\/fr\/wp-json\/wp\/v2\/product_cat?post=96782"},{"taxonomy":"product_tag","embeddable":true,"href":"https:\/\/donnobikes.com\/fr\/wp-json\/wp\/v2\/product_tag?post=96782"}],"curies":[{"name":"wp","href":"https:\/\/api.w.org\/{rel}","templated":true}]}}