{"id":97579,"date":"2026-02-09T11:23:52","date_gmt":"2026-02-09T10:23:52","guid":{"rendered":"https:\/\/donnobikes.com\/?post_type=product&#038;p=97579"},"modified":"2026-02-09T11:23:53","modified_gmt":"2026-02-09T10:23:53","slug":"ovetto-neonato-bebe-confort-per-taga-bike","status":"publish","type":"product","link":"https:\/\/donnobikes.com\/fr\/produit\/ovetto-neonato-bebe-confort-per-taga-bike\/","title":{"rendered":"Ovetto neonato B\u00e9b\u00e9 Confort per Taga Bike"},"content":{"rendered":"<p><strong>Trasporto sicuro fin dai primi mesi<\/strong><br \/>\nL\u2019ovetto B\u00e9b\u00e9 Confort consente di trasportare il neonato in posizione corretta e protetta, offrendo supporto ergonomico e stabilit\u00e0 durante ogni spostamento. \u00c8 la soluzione ideale per iniziare a usare la Taga Bike fin dai primi mesi di vita del bambino.<\/p>\n<p><strong>Compatibilit\u00e0 e integrazione con Taga Bike<\/strong><br \/>\nProgettato per essere utilizzato con l\u2019adattatore ovetto Taga, si integra perfettamente con la struttura anteriore della bici, mantenendo sicurezza, visibilit\u00e0 e comfort sia per il bambino che per il genitore.<\/p>","protected":false},"excerpt":{"rendered":"<p>Trasporto sicuro fin dai primi mesi L\u2019ovetto B\u00e9b\u00e9 Confort consente di trasportare il neonato in posizione corretta e protetta, offrendo supporto ergonomico e stabilit\u00e0 durante ogni spostamento. \u00c8 la soluzione ideale per iniziare a usare la Taga Bike fin dai primi mesi di vita del bambino. Compatibilit\u00e0 e integrazione con Taga Bike Progettato per essere [&hellip;]<\/p>\n","protected":false},"featured_media":97580,"comment_status":"closed","ping_status":"closed","template":"","meta":[],"product_brand":[],"product_cat":[529,522,653],"product_tag":[],"class_list":{"0":"post-97579","1":"product","2":"type-product","3":"status-publish","4":"has-post-thumbnail","6":"product_cat-taga-accessori","7":"product_cat-accessori","8":"product_cat-carico-anteriore-e-sedute-taga","10":"first","11":"instock","12":"shipping-taxable","13":"purchasable","14":"product-type-simple"},"gallery_images":[],"meta_box":{"short_name":"","marketing_name":"","motore_for_biciclette":[],"biciclette_id":"","consegna":"","configurator":[],"single_page_group":[],"catalog_group":[]},"_links":{"self":[{"href":"https:\/\/donnobikes.com\/fr\/wp-json\/wp\/v2\/product\/97579","targetHints":{"allow":["GET"]}}],"collection":[{"href":"https:\/\/donnobikes.com\/fr\/wp-json\/wp\/v2\/product"}],"about":[{"href":"https:\/\/donnobikes.com\/fr\/wp-json\/wp\/v2\/types\/product"}],"replies":[{"embeddable":true,"href":"https:\/\/donnobikes.com\/fr\/wp-json\/wp\/v2\/comments?post=97579"}],"wp:featuredmedia":[{"embeddable":true,"href":"https:\/\/donnobikes.com\/fr\/wp-json\/wp\/v2\/media\/97580"}],"wp:attachment":[{"href":"https:\/\/donnobikes.com\/fr\/wp-json\/wp\/v2\/media?parent=97579"}],"wp:term":[{"taxonomy":"product_brand","embeddable":true,"href":"https:\/\/donnobikes.com\/fr\/wp-json\/wp\/v2\/product_brand?post=97579"},{"taxonomy":"product_cat","embeddable":true,"href":"https:\/\/donnobikes.com\/fr\/wp-json\/wp\/v2\/product_cat?post=97579"},{"taxonomy":"product_tag","embeddable":true,"href":"https:\/\/donnobikes.com\/fr\/wp-json\/wp\/v2\/product_tag?post=97579"}],"curies":[{"name":"wp","href":"https:\/\/api.w.org\/{rel}","templated":true}]}}